{"id":12906,"date":"2024-03-06T23:12:41","date_gmt":"2024-03-07T02:12:41","guid":{"rendered":"https:\/\/ilhabelamoveis.com.br\/?page_id=12906"},"modified":"2024-03-06T23:18:18","modified_gmt":"2024-03-07T02:18:18","slug":"em-breve-nova-colecao","status":"publish","type":"page","link":"https:\/\/ilhabelamoveis.com.br\/en\/em-breve-nova-colecao\/","title":{"rendered":"New Collection Coming Soon"},"content":{"rendered":"<div data-elementor-type=\"wp-page\" data-elementor-id=\"12906\" class=\"elementor elementor-12906\" data-elementor-post-type=\"page\">\n\t\t\t\t<div class=\"elementor-element elementor-element-22fd8c5 e-con-full e-flex e-con e-parent\" data-id=\"22fd8c5\" data-element_type=\"container\" data-e-type=\"container\" data-settings=\"{&quot;background_background&quot;:&quot;classic&quot;}\">\n\t\t\t\t<div class=\"elementor-element elementor-element-cbd2349 elementor-widget elementor-widget-heading\" data-id=\"cbd2349\" data-element_type=\"widget\" data-e-type=\"widget\" data-widget_type=\"heading.default\">\n\t\t\t\t<div class=\"elementor-widget-container\">\n\t\t\t\t\t<h2 class=\"elementor-heading-title elementor-size-default\">NEW COLLECTION COMING SOON<\/h2>\t\t\t\t<\/div>\n\t\t\t\t<\/div>\n\t\t\t\t<\/div>\n\t\t\t\t<\/div>","protected":false},"excerpt":{"rendered":"<p>NEW COLLECTION COMING SOON<\/p>","protected":false},"author":1,"featured_media":12853,"parent":0,"menu_order":0,"comment_status":"closed","ping_status":"closed","template":"templates\/full-screen.php","meta":{"_acf_changed":false,"_joinchat":[],"footnotes":""},"class_list":["post-12906","page","type-page","status-publish","has-post-thumbnail","hentry"],"acf":[],"yoast_head":"<!-- This site is optimized with the Yoast SEO plugin v26.9 - https:\/\/yoast.com\/product\/yoast-seo-wordpress\/ -->\n<title>Em Breve Nova Cole\u00e7\u00e3o - Ilha Bela Estofados<\/title>\n<meta name=\"robots\" content=\"index, follow, max-snippet:-1, max-image-preview:large, max-video-preview:-1\" \/>\n<link rel=\"canonical\" href=\"https:\/\/ilhabelamoveis.com.br\/en\/em-breve-nova-colecao\/\" \/>\n<meta property=\"og:locale\" content=\"en_US\" \/>\n<meta property=\"og:type\" content=\"article\" \/>\n<meta property=\"og:title\" content=\"Em Breve Nova Cole\u00e7\u00e3o - Ilha Bela Estofados\" \/>\n<meta property=\"og:description\" content=\"EM BREVE NOVA COLE\u00c7\u00c3O\" \/>\n<meta property=\"og:url\" content=\"https:\/\/ilhabelamoveis.com.br\/en\/em-breve-nova-colecao\/\" \/>\n<meta property=\"og:site_name\" content=\"Ilha Bela Estofados\" \/>\n<meta property=\"article:modified_time\" content=\"2024-03-07T02:18:18+00:00\" \/>\n<meta property=\"og:image\" content=\"https:\/\/ilhabelamoveis.com.br\/wp-content\/uploads\/2024\/03\/Quintus-ambientado-scaled.jpg\" \/>\n\t<meta property=\"og:image:width\" content=\"2560\" \/>\n\t<meta property=\"og:image:height\" content=\"1709\" \/>\n\t<meta property=\"og:image:type\" content=\"image\/jpeg\" \/>\n<meta name=\"twitter:card\" content=\"summary_large_image\" \/>\n<meta name=\"twitter:label1\" content=\"Est. reading time\" \/>\n\t<meta name=\"twitter:data1\" content=\"1 minute\" \/>\n<script type=\"application\/ld+json\" class=\"yoast-schema-graph\">{\"@context\":\"https:\/\/schema.org\",\"@graph\":[{\"@type\":\"WebPage\",\"@id\":\"https:\/\/ilhabelamoveis.com.br\/em-breve-nova-colecao\/\",\"url\":\"https:\/\/ilhabelamoveis.com.br\/em-breve-nova-colecao\/\",\"name\":\"Em Breve Nova Cole\u00e7\u00e3o - Ilha Bela Estofados\",\"isPartOf\":{\"@id\":\"https:\/\/ilhabelamoveis.com.br\/#website\"},\"primaryImageOfPage\":{\"@id\":\"https:\/\/ilhabelamoveis.com.br\/em-breve-nova-colecao\/#primaryimage\"},\"image\":{\"@id\":\"https:\/\/ilhabelamoveis.com.br\/em-breve-nova-colecao\/#primaryimage\"},\"thumbnailUrl\":\"https:\/\/ilhabelamoveis.com.br\/wp-content\/uploads\/2024\/03\/Quintus-ambientado-scaled.jpg\",\"datePublished\":\"2024-03-07T02:12:41+00:00\",\"dateModified\":\"2024-03-07T02:18:18+00:00\",\"breadcrumb\":{\"@id\":\"https:\/\/ilhabelamoveis.com.br\/em-breve-nova-colecao\/#breadcrumb\"},\"inLanguage\":\"en-US\",\"potentialAction\":[{\"@type\":\"ReadAction\",\"target\":[\"https:\/\/ilhabelamoveis.com.br\/em-breve-nova-colecao\/\"]}]},{\"@type\":\"ImageObject\",\"inLanguage\":\"en-US\",\"@id\":\"https:\/\/ilhabelamoveis.com.br\/em-breve-nova-colecao\/#primaryimage\",\"url\":\"https:\/\/ilhabelamoveis.com.br\/wp-content\/uploads\/2024\/03\/Quintus-ambientado-scaled.jpg\",\"contentUrl\":\"https:\/\/ilhabelamoveis.com.br\/wp-content\/uploads\/2024\/03\/Quintus-ambientado-scaled.jpg\",\"width\":2560,\"height\":1709},{\"@type\":\"BreadcrumbList\",\"@id\":\"https:\/\/ilhabelamoveis.com.br\/em-breve-nova-colecao\/#breadcrumb\",\"itemListElement\":[{\"@type\":\"ListItem\",\"position\":1,\"name\":\"In\u00edcio\",\"item\":\"https:\/\/ilhabelamoveis.com.br\/\"},{\"@type\":\"ListItem\",\"position\":2,\"name\":\"Em Breve Nova Cole\u00e7\u00e3o\"}]},{\"@type\":\"WebSite\",\"@id\":\"https:\/\/ilhabelamoveis.com.br\/#website\",\"url\":\"https:\/\/ilhabelamoveis.com.br\/\",\"name\":\"Ilha Bela Estofados\",\"description\":\"Um novo olhar, uma nova inspira\u00e7\u00e3o.\",\"publisher\":{\"@id\":\"https:\/\/ilhabelamoveis.com.br\/#organization\"},\"potentialAction\":[{\"@type\":\"SearchAction\",\"target\":{\"@type\":\"EntryPoint\",\"urlTemplate\":\"https:\/\/ilhabelamoveis.com.br\/?s={search_term_string}\"},\"query-input\":{\"@type\":\"PropertyValueSpecification\",\"valueRequired\":true,\"valueName\":\"search_term_string\"}}],\"inLanguage\":\"en-US\"},{\"@type\":\"Organization\",\"@id\":\"https:\/\/ilhabelamoveis.com.br\/#organization\",\"name\":\"Ilha Bela M\u00f3veis e Estofados\",\"url\":\"https:\/\/ilhabelamoveis.com.br\/\",\"logo\":{\"@type\":\"ImageObject\",\"inLanguage\":\"en-US\",\"@id\":\"https:\/\/ilhabelamoveis.com.br\/#\/schema\/logo\/image\/\",\"url\":\"https:\/\/ilhabelamoveis.com.br\/wp-content\/uploads\/2018\/03\/logo-dark.png\",\"contentUrl\":\"https:\/\/ilhabelamoveis.com.br\/wp-content\/uploads\/2018\/03\/logo-dark.png\",\"width\":470,\"height\":83,\"caption\":\"Ilha Bela M\u00f3veis e Estofados\"},\"image\":{\"@id\":\"https:\/\/ilhabelamoveis.com.br\/#\/schema\/logo\/image\/\"}}]}<\/script>\n<!-- \/ Yoast SEO plugin. -->","yoast_head_json":{"title":"Em Breve Nova Cole\u00e7\u00e3o - Ilha Bela Estofados","robots":{"index":"index","follow":"follow","max-snippet":"max-snippet:-1","max-image-preview":"max-image-preview:large","max-video-preview":"max-video-preview:-1"},"canonical":"https:\/\/ilhabelamoveis.com.br\/en\/em-breve-nova-colecao\/","og_locale":"en_US","og_type":"article","og_title":"Em Breve Nova Cole\u00e7\u00e3o - Ilha Bela Estofados","og_description":"EM BREVE NOVA COLE\u00c7\u00c3O","og_url":"https:\/\/ilhabelamoveis.com.br\/en\/em-breve-nova-colecao\/","og_site_name":"Ilha Bela Estofados","article_modified_time":"2024-03-07T02:18:18+00:00","og_image":[{"width":2560,"height":1709,"url":"https:\/\/ilhabelamoveis.com.br\/wp-content\/uploads\/2024\/03\/Quintus-ambientado-scaled.jpg","type":"image\/jpeg"}],"twitter_card":"summary_large_image","twitter_misc":{"Est. reading time":"1 minute"},"schema":{"@context":"https:\/\/schema.org","@graph":[{"@type":"WebPage","@id":"https:\/\/ilhabelamoveis.com.br\/em-breve-nova-colecao\/","url":"https:\/\/ilhabelamoveis.com.br\/em-breve-nova-colecao\/","name":"Em Breve Nova Cole\u00e7\u00e3o - Ilha Bela Estofados","isPartOf":{"@id":"https:\/\/ilhabelamoveis.com.br\/#website"},"primaryImageOfPage":{"@id":"https:\/\/ilhabelamoveis.com.br\/em-breve-nova-colecao\/#primaryimage"},"image":{"@id":"https:\/\/ilhabelamoveis.com.br\/em-breve-nova-colecao\/#primaryimage"},"thumbnailUrl":"https:\/\/ilhabelamoveis.com.br\/wp-content\/uploads\/2024\/03\/Quintus-ambientado-scaled.jpg","datePublished":"2024-03-07T02:12:41+00:00","dateModified":"2024-03-07T02:18:18+00:00","breadcrumb":{"@id":"https:\/\/ilhabelamoveis.com.br\/em-breve-nova-colecao\/#breadcrumb"},"inLanguage":"en-US","potentialAction":[{"@type":"ReadAction","target":["https:\/\/ilhabelamoveis.com.br\/em-breve-nova-colecao\/"]}]},{"@type":"ImageObject","inLanguage":"en-US","@id":"https:\/\/ilhabelamoveis.com.br\/em-breve-nova-colecao\/#primaryimage","url":"https:\/\/ilhabelamoveis.com.br\/wp-content\/uploads\/2024\/03\/Quintus-ambientado-scaled.jpg","contentUrl":"https:\/\/ilhabelamoveis.com.br\/wp-content\/uploads\/2024\/03\/Quintus-ambientado-scaled.jpg","width":2560,"height":1709},{"@type":"BreadcrumbList","@id":"https:\/\/ilhabelamoveis.com.br\/em-breve-nova-colecao\/#breadcrumb","itemListElement":[{"@type":"ListItem","position":1,"name":"In\u00edcio","item":"https:\/\/ilhabelamoveis.com.br\/"},{"@type":"ListItem","position":2,"name":"Em Breve Nova Cole\u00e7\u00e3o"}]},{"@type":"WebSite","@id":"https:\/\/ilhabelamoveis.com.br\/#website","url":"https:\/\/ilhabelamoveis.com.br\/","name":"Ilha Bela Upholstered Furniture","description":"A new perspective, a new inspiration.","publisher":{"@id":"https:\/\/ilhabelamoveis.com.br\/#organization"},"potentialAction":[{"@type":"SearchAction","target":{"@type":"EntryPoint","urlTemplate":"https:\/\/ilhabelamoveis.com.br\/?s={search_term_string}"},"query-input":{"@type":"PropertyValueSpecification","valueRequired":true,"valueName":"search_term_string"}}],"inLanguage":"en-US"},{"@type":"Organization","@id":"https:\/\/ilhabelamoveis.com.br\/#organization","name":"Ilha Bela M\u00f3veis e Estofados","url":"https:\/\/ilhabelamoveis.com.br\/","logo":{"@type":"ImageObject","inLanguage":"en-US","@id":"https:\/\/ilhabelamoveis.com.br\/#\/schema\/logo\/image\/","url":"https:\/\/ilhabelamoveis.com.br\/wp-content\/uploads\/2018\/03\/logo-dark.png","contentUrl":"https:\/\/ilhabelamoveis.com.br\/wp-content\/uploads\/2018\/03\/logo-dark.png","width":470,"height":83,"caption":"Ilha Bela M\u00f3veis e Estofados"},"image":{"@id":"https:\/\/ilhabelamoveis.com.br\/#\/schema\/logo\/image\/"}}]}},"_links":{"self":[{"href":"https:\/\/ilhabelamoveis.com.br\/en\/wp-json\/wp\/v2\/pages\/12906","targetHints":{"allow":["GET"]}}],"collection":[{"href":"https:\/\/ilhabelamoveis.com.br\/en\/wp-json\/wp\/v2\/pages"}],"about":[{"href":"https:\/\/ilhabelamoveis.com.br\/en\/wp-json\/wp\/v2\/types\/page"}],"author":[{"embeddable":true,"href":"https:\/\/ilhabelamoveis.com.br\/en\/wp-json\/wp\/v2\/users\/1"}],"replies":[{"embeddable":true,"href":"https:\/\/ilhabelamoveis.com.br\/en\/wp-json\/wp\/v2\/comments?post=12906"}],"version-history":[{"count":0,"href":"https:\/\/ilhabelamoveis.com.br\/en\/wp-json\/wp\/v2\/pages\/12906\/revisions"}],"wp:featuredmedia":[{"embeddable":true,"href":"https:\/\/ilhabelamoveis.com.br\/en\/wp-json\/wp\/v2\/media\/12853"}],"wp:attachment":[{"href":"https:\/\/ilhabelamoveis.com.br\/en\/wp-json\/wp\/v2\/media?parent=12906"}],"curies":[{"name":"wp","href":"https:\/\/api.w.org\/{rel}","templated":true}]}}