{"id":10359,"date":"2022-04-18T16:21:36","date_gmt":"2022-04-18T19:21:36","guid":{"rendered":"https:\/\/ilhabelamoveis.com.br\/?post_type=product&#038;p=8523"},"modified":"2026-03-10T15:13:13","modified_gmt":"2026-03-10T18:13:13","slug":"ib676-florenca-2","status":"publish","type":"product","link":"https:\/\/ilhabelamoveis.com.br\/en\/product\/ib676-florenca-2\/","title":{"rendered":"<span class=\"trp-no-translate\">IB676 \u2013 Florence Armchair<\/span>"},"content":{"rendered":"<p>Dimensions: W x H x D<\/p>\n<p>75 x 85 x 75 cm<\/p>\n<p>Rotating base or tapered steel foot<\/p>","protected":false},"excerpt":{"rendered":"<p>Dimens\u00f5es: L x A x P 75 X 85 X 75 cm Base girat\u00f3ria ou p\u00e9 a\u00e7o conificado<\/p>","protected":false},"featured_media":10364,"comment_status":"open","ping_status":"closed","template":"","meta":{"_acf_changed":false,"_joinchat":[]},"pwb-brand":[],"product_brand":[],"product_cat":[55,190],"product_tag":[],"class_list":{"0":"post-10359","1":"product","2":"type-product","3":"status-publish","4":"has-post-thumbnail","6":"product_cat-poltronas","7":"product_cat-todos-es","9":"first","10":"instock","11":"shipping-taxable","12":"product-type-simple","13":"layout-style-1","14":"col-md-4 col-sm-4 col-xs-6","15":"col-lg-3","16":"product-has-gallery","17":"product-style-default"},"acf":[],"yoast_head":"<!-- This site is optimized with the Yoast SEO plugin v26.9 - https:\/\/yoast.com\/product\/yoast-seo-wordpress\/ -->\n<title>IB676 - Poltrona Floren\u00e7a - Ilha Bela Estofados<\/title>\n<meta name=\"robots\" content=\"index, follow, max-snippet:-1, max-image-preview:large, max-video-preview:-1\" \/>\n<link rel=\"canonical\" href=\"https:\/\/ilhabelamoveis.com.br\/en\/product\/ib676-florenca-2\/\" \/>\n<meta property=\"og:locale\" content=\"en_US\" \/>\n<meta property=\"og:type\" content=\"article\" \/>\n<meta property=\"og:title\" content=\"IB676 - Poltrona Floren\u00e7a - Ilha Bela Estofados\" \/>\n<meta property=\"og:description\" content=\"Dimens\u00f5es: L x A x P 75 X 85 X 75 cm Base girat\u00f3ria ou p\u00e9 a\u00e7o conificado\" \/>\n<meta property=\"og:url\" content=\"https:\/\/ilhabelamoveis.com.br\/en\/product\/ib676-florenca-2\/\" \/>\n<meta property=\"og:site_name\" content=\"Ilha Bela Estofados\" \/>\n<meta property=\"article:modified_time\" content=\"2026-03-10T18:13:13+00:00\" \/>\n<meta property=\"og:image\" content=\"https:\/\/ilhabelamoveis.com.br\/wp-content\/uploads\/2022\/04\/Florenca-2.jpeg\" \/>\n\t<meta property=\"og:image:width\" content=\"1280\" \/>\n\t<meta property=\"og:image:height\" content=\"854\" \/>\n\t<meta property=\"og:image:type\" content=\"image\/jpeg\" \/>\n<meta name=\"twitter:card\" content=\"summary_large_image\" \/>\n<meta name=\"twitter:label1\" content=\"Est. reading time\" \/>\n\t<meta name=\"twitter:data1\" content=\"1 minute\" \/>\n<script type=\"application\/ld+json\" class=\"yoast-schema-graph\">{\"@context\":\"https:\/\/schema.org\",\"@graph\":[{\"@type\":\"WebPage\",\"@id\":\"https:\/\/ilhabelamoveis.com.br\/produto\/ib676-florenca-2\/\",\"url\":\"https:\/\/ilhabelamoveis.com.br\/produto\/ib676-florenca-2\/\",\"name\":\"IB676 - Poltrona Floren\u00e7a - Ilha Bela Estofados\",\"isPartOf\":{\"@id\":\"https:\/\/ilhabelamoveis.com.br\/#website\"},\"primaryImageOfPage\":{\"@id\":\"https:\/\/ilhabelamoveis.com.br\/produto\/ib676-florenca-2\/#primaryimage\"},\"image\":{\"@id\":\"https:\/\/ilhabelamoveis.com.br\/produto\/ib676-florenca-2\/#primaryimage\"},\"thumbnailUrl\":\"https:\/\/ilhabelamoveis.com.br\/wp-content\/uploads\/2022\/04\/Florenca-2.jpeg\",\"datePublished\":\"2022-04-18T19:21:36+00:00\",\"dateModified\":\"2026-03-10T18:13:13+00:00\",\"breadcrumb\":{\"@id\":\"https:\/\/ilhabelamoveis.com.br\/produto\/ib676-florenca-2\/#breadcrumb\"},\"inLanguage\":\"en-US\",\"potentialAction\":[{\"@type\":\"ReadAction\",\"target\":[\"https:\/\/ilhabelamoveis.com.br\/produto\/ib676-florenca-2\/\"]}]},{\"@type\":\"ImageObject\",\"inLanguage\":\"en-US\",\"@id\":\"https:\/\/ilhabelamoveis.com.br\/produto\/ib676-florenca-2\/#primaryimage\",\"url\":\"https:\/\/ilhabelamoveis.com.br\/wp-content\/uploads\/2022\/04\/Florenca-2.jpeg\",\"contentUrl\":\"https:\/\/ilhabelamoveis.com.br\/wp-content\/uploads\/2022\/04\/Florenca-2.jpeg\",\"width\":1280,\"height\":854},{\"@type\":\"BreadcrumbList\",\"@id\":\"https:\/\/ilhabelamoveis.com.br\/produto\/ib676-florenca-2\/#breadcrumb\",\"itemListElement\":[{\"@type\":\"ListItem\",\"position\":1,\"name\":\"In\u00edcio\",\"item\":\"https:\/\/ilhabelamoveis.com.br\/\"},{\"@type\":\"ListItem\",\"position\":2,\"name\":\"Produtos\",\"item\":\"https:\/\/ilhabelamoveis.com.br\/todos-produtos\/\"},{\"@type\":\"ListItem\",\"position\":3,\"name\":\"IB676 &#8211; Poltrona Floren\u00e7a\"}]},{\"@type\":\"WebSite\",\"@id\":\"https:\/\/ilhabelamoveis.com.br\/#website\",\"url\":\"https:\/\/ilhabelamoveis.com.br\/\",\"name\":\"Ilha Bela Estofados\",\"description\":\"Um novo olhar, uma nova inspira\u00e7\u00e3o.\",\"publisher\":{\"@id\":\"https:\/\/ilhabelamoveis.com.br\/#organization\"},\"potentialAction\":[{\"@type\":\"SearchAction\",\"target\":{\"@type\":\"EntryPoint\",\"urlTemplate\":\"https:\/\/ilhabelamoveis.com.br\/?s={search_term_string}\"},\"query-input\":{\"@type\":\"PropertyValueSpecification\",\"valueRequired\":true,\"valueName\":\"search_term_string\"}}],\"inLanguage\":\"en-US\"},{\"@type\":\"Organization\",\"@id\":\"https:\/\/ilhabelamoveis.com.br\/#organization\",\"name\":\"Ilha Bela M\u00f3veis e Estofados\",\"url\":\"https:\/\/ilhabelamoveis.com.br\/\",\"logo\":{\"@type\":\"ImageObject\",\"inLanguage\":\"en-US\",\"@id\":\"https:\/\/ilhabelamoveis.com.br\/#\/schema\/logo\/image\/\",\"url\":\"https:\/\/ilhabelamoveis.com.br\/wp-content\/uploads\/2018\/03\/logo-dark.png\",\"contentUrl\":\"https:\/\/ilhabelamoveis.com.br\/wp-content\/uploads\/2018\/03\/logo-dark.png\",\"width\":470,\"height\":83,\"caption\":\"Ilha Bela M\u00f3veis e Estofados\"},\"image\":{\"@id\":\"https:\/\/ilhabelamoveis.com.br\/#\/schema\/logo\/image\/\"}}]}<\/script>\n<!-- \/ Yoast SEO plugin. -->","yoast_head_json":{"title":"IB676 - Poltrona Floren\u00e7a - Ilha Bela Estofados","robots":{"index":"index","follow":"follow","max-snippet":"max-snippet:-1","max-image-preview":"max-image-preview:large","max-video-preview":"max-video-preview:-1"},"canonical":"https:\/\/ilhabelamoveis.com.br\/en\/product\/ib676-florenca-2\/","og_locale":"en_US","og_type":"article","og_title":"IB676 - Poltrona Floren\u00e7a - Ilha Bela Estofados","og_description":"Dimens\u00f5es: L x A x P 75 X 85 X 75 cm Base girat\u00f3ria ou p\u00e9 a\u00e7o conificado","og_url":"https:\/\/ilhabelamoveis.com.br\/en\/product\/ib676-florenca-2\/","og_site_name":"Ilha Bela Estofados","article_modified_time":"2026-03-10T18:13:13+00:00","og_image":[{"width":1280,"height":854,"url":"https:\/\/ilhabelamoveis.com.br\/wp-content\/uploads\/2022\/04\/Florenca-2.jpeg","type":"image\/jpeg"}],"twitter_card":"summary_large_image","twitter_misc":{"Est. reading time":"1 minute"},"schema":{"@context":"https:\/\/schema.org","@graph":[{"@type":"WebPage","@id":"https:\/\/ilhabelamoveis.com.br\/produto\/ib676-florenca-2\/","url":"https:\/\/ilhabelamoveis.com.br\/produto\/ib676-florenca-2\/","name":"IB676 - Poltrona Floren\u00e7a - Ilha Bela Estofados","isPartOf":{"@id":"https:\/\/ilhabelamoveis.com.br\/#website"},"primaryImageOfPage":{"@id":"https:\/\/ilhabelamoveis.com.br\/produto\/ib676-florenca-2\/#primaryimage"},"image":{"@id":"https:\/\/ilhabelamoveis.com.br\/produto\/ib676-florenca-2\/#primaryimage"},"thumbnailUrl":"https:\/\/ilhabelamoveis.com.br\/wp-content\/uploads\/2022\/04\/Florenca-2.jpeg","datePublished":"2022-04-18T19:21:36+00:00","dateModified":"2026-03-10T18:13:13+00:00","breadcrumb":{"@id":"https:\/\/ilhabelamoveis.com.br\/produto\/ib676-florenca-2\/#breadcrumb"},"inLanguage":"en-US","potentialAction":[{"@type":"ReadAction","target":["https:\/\/ilhabelamoveis.com.br\/produto\/ib676-florenca-2\/"]}]},{"@type":"ImageObject","inLanguage":"en-US","@id":"https:\/\/ilhabelamoveis.com.br\/produto\/ib676-florenca-2\/#primaryimage","url":"https:\/\/ilhabelamoveis.com.br\/wp-content\/uploads\/2022\/04\/Florenca-2.jpeg","contentUrl":"https:\/\/ilhabelamoveis.com.br\/wp-content\/uploads\/2022\/04\/Florenca-2.jpeg","width":1280,"height":854},{"@type":"BreadcrumbList","@id":"https:\/\/ilhabelamoveis.com.br\/produto\/ib676-florenca-2\/#breadcrumb","itemListElement":[{"@type":"ListItem","position":1,"name":"In\u00edcio","item":"https:\/\/ilhabelamoveis.com.br\/"},{"@type":"ListItem","position":2,"name":"Produtos","item":"https:\/\/ilhabelamoveis.com.br\/todos-produtos\/"},{"@type":"ListItem","position":3,"name":"IB676 &#8211; Poltrona Floren\u00e7a"}]},{"@type":"WebSite","@id":"https:\/\/ilhabelamoveis.com.br\/#website","url":"https:\/\/ilhabelamoveis.com.br\/","name":"Ilha Bela Upholstered Furniture","description":"A new perspective, a new inspiration.","publisher":{"@id":"https:\/\/ilhabelamoveis.com.br\/#organization"},"potentialAction":[{"@type":"SearchAction","target":{"@type":"EntryPoint","urlTemplate":"https:\/\/ilhabelamoveis.com.br\/?s={search_term_string}"},"query-input":{"@type":"PropertyValueSpecification","valueRequired":true,"valueName":"search_term_string"}}],"inLanguage":"en-US"},{"@type":"Organization","@id":"https:\/\/ilhabelamoveis.com.br\/#organization","name":"Ilha Bela M\u00f3veis e Estofados","url":"https:\/\/ilhabelamoveis.com.br\/","logo":{"@type":"ImageObject","inLanguage":"en-US","@id":"https:\/\/ilhabelamoveis.com.br\/#\/schema\/logo\/image\/","url":"https:\/\/ilhabelamoveis.com.br\/wp-content\/uploads\/2018\/03\/logo-dark.png","contentUrl":"https:\/\/ilhabelamoveis.com.br\/wp-content\/uploads\/2018\/03\/logo-dark.png","width":470,"height":83,"caption":"Ilha Bela M\u00f3veis e Estofados"},"image":{"@id":"https:\/\/ilhabelamoveis.com.br\/#\/schema\/logo\/image\/"}}]}},"brands":[],"_links":{"self":[{"href":"https:\/\/ilhabelamoveis.com.br\/en\/wp-json\/wp\/v2\/product\/10359","targetHints":{"allow":["GET"]}}],"collection":[{"href":"https:\/\/ilhabelamoveis.com.br\/en\/wp-json\/wp\/v2\/product"}],"about":[{"href":"https:\/\/ilhabelamoveis.com.br\/en\/wp-json\/wp\/v2\/types\/product"}],"replies":[{"embeddable":true,"href":"https:\/\/ilhabelamoveis.com.br\/en\/wp-json\/wp\/v2\/comments?post=10359"}],"wp:featuredmedia":[{"embeddable":true,"href":"https:\/\/ilhabelamoveis.com.br\/en\/wp-json\/wp\/v2\/media\/10364"}],"wp:attachment":[{"href":"https:\/\/ilhabelamoveis.com.br\/en\/wp-json\/wp\/v2\/media?parent=10359"}],"wp:term":[{"taxonomy":"pwb-brand","embeddable":true,"href":"https:\/\/ilhabelamoveis.com.br\/en\/wp-json\/wp\/v2\/pwb-brand?post=10359"},{"taxonomy":"product_brand","embeddable":true,"href":"https:\/\/ilhabelamoveis.com.br\/en\/wp-json\/wp\/v2\/product_brand?post=10359"},{"taxonomy":"product_cat","embeddable":true,"href":"https:\/\/ilhabelamoveis.com.br\/en\/wp-json\/wp\/v2\/product_cat?post=10359"},{"taxonomy":"product_tag","embeddable":true,"href":"https:\/\/ilhabelamoveis.com.br\/en\/wp-json\/wp\/v2\/product_tag?post=10359"}],"curies":[{"name":"wp","href":"https:\/\/api.w.org\/{rel}","templated":true}]}}