{"id":12975,"date":"2024-03-21T11:32:27","date_gmt":"2024-03-21T14:32:27","guid":{"rendered":"https:\/\/ilhabelamoveis.com.br\/?post_type=product&#038;p=12975"},"modified":"2025-07-26T10:15:09","modified_gmt":"2025-07-26T13:15:09","slug":"ib716-sofa-velvet","status":"publish","type":"product","link":"https:\/\/ilhabelamoveis.com.br\/en\/product\/ib716-sofa-velvet\/","title":{"rendered":"<span class=\"trp-no-translate\">Velvet Sofa<\/span>"},"content":{"rendered":"<p>IB716 \u2013 Velvet Modular Living Room Fixed Sofa<\/p>\n<p>DIMENSIONS: W x H x D<\/p>\n<p>ARM<br \/>\n7 x 88 x 85 cm<\/p>\n<p>MODULES:<br \/>\n90 x 88 x 85 CM<br \/>\n100 x 88 x 85 CM<br \/>\n110 x 88 x 85 CM<br \/>\n120 x 88 x 85 CM<br \/>\n130 x 88 x 85 CM<\/p>\n<p>CHAISE:<br \/>\n100 x 88 x 140 CM<br \/>\n110 x 88 x 140 CM<br \/>\n120 x 88 x 140 CM<br \/>\n130 x 88 x 140 CM<\/p>\n<p>*Solid wood base, 12cm high.<\/p>","protected":false},"excerpt":{"rendered":"<p>IB716 &#8211; Sof\u00e1 fixo living modular Velvet DIMES\u00d5ES: L x A x P BRA\u00c7O 7 X 88 X 85 CM M\u00d3DULOS: 90 x 88 x 85 CM 100 x 88&hellip;<\/p>","protected":false},"featured_media":12977,"comment_status":"open","ping_status":"closed","template":"","meta":{"_acf_changed":false,"_joinchat":[]},"pwb-brand":[],"product_brand":[],"product_cat":[59,82],"product_tag":[],"class_list":{"0":"post-12975","1":"product","2":"type-product","3":"status-publish","4":"has-post-thumbnail","6":"product_cat-todos","7":"product_cat-sofas-fixos","9":"first","10":"instock","11":"shipping-taxable","12":"product-type-simple","13":"layout-style-1","14":"col-md-4 col-sm-4 col-xs-6","15":"col-lg-3","16":"product-has-gallery","17":"product-style-default"},"acf":[],"yoast_head":"<!-- This site is optimized with the Yoast SEO plugin v26.9 - https:\/\/yoast.com\/product\/yoast-seo-wordpress\/ -->\n<title>Sof\u00e1 Velvet - Ilha Bela Estofados<\/title>\n<meta name=\"robots\" content=\"index, follow, max-snippet:-1, max-image-preview:large, max-video-preview:-1\" \/>\n<link rel=\"canonical\" href=\"https:\/\/ilhabelamoveis.com.br\/en\/product\/ib716-sofa-velvet\/\" \/>\n<meta property=\"og:locale\" content=\"en_US\" \/>\n<meta property=\"og:type\" content=\"article\" \/>\n<meta property=\"og:title\" content=\"Sof\u00e1 Velvet - Ilha Bela Estofados\" \/>\n<meta property=\"og:description\" content=\"IB716 &#8211; Sof\u00e1 fixo living modular Velvet DIMES\u00d5ES: L x A x P BRA\u00c7O 7 X 88 X 85 CM M\u00d3DULOS: 90 x 88 x 85 CM 100 x 88&hellip;\" \/>\n<meta property=\"og:url\" content=\"https:\/\/ilhabelamoveis.com.br\/en\/product\/ib716-sofa-velvet\/\" \/>\n<meta property=\"og:site_name\" content=\"Ilha Bela Estofados\" \/>\n<meta property=\"article:modified_time\" content=\"2025-07-26T13:15:09+00:00\" \/>\n<meta property=\"og:image\" content=\"https:\/\/ilhabelamoveis.com.br\/wp-content\/uploads\/2024\/03\/Velvet-2.webp\" \/>\n\t<meta property=\"og:image:width\" content=\"1440\" \/>\n\t<meta property=\"og:image:height\" content=\"960\" \/>\n\t<meta property=\"og:image:type\" content=\"image\/webp\" \/>\n<meta name=\"twitter:card\" content=\"summary_large_image\" \/>\n<meta name=\"twitter:label1\" content=\"Est. reading time\" \/>\n\t<meta name=\"twitter:data1\" content=\"1 minute\" \/>\n<script type=\"application\/ld+json\" class=\"yoast-schema-graph\">{\"@context\":\"https:\/\/schema.org\",\"@graph\":[{\"@type\":\"WebPage\",\"@id\":\"https:\/\/ilhabelamoveis.com.br\/produto\/ib716-sofa-velvet\/\",\"url\":\"https:\/\/ilhabelamoveis.com.br\/produto\/ib716-sofa-velvet\/\",\"name\":\"Sof\u00e1 Velvet - Ilha Bela Estofados\",\"isPartOf\":{\"@id\":\"https:\/\/ilhabelamoveis.com.br\/#website\"},\"primaryImageOfPage\":{\"@id\":\"https:\/\/ilhabelamoveis.com.br\/produto\/ib716-sofa-velvet\/#primaryimage\"},\"image\":{\"@id\":\"https:\/\/ilhabelamoveis.com.br\/produto\/ib716-sofa-velvet\/#primaryimage\"},\"thumbnailUrl\":\"https:\/\/ilhabelamoveis.com.br\/wp-content\/uploads\/2024\/03\/Velvet-2.webp\",\"datePublished\":\"2024-03-21T14:32:27+00:00\",\"dateModified\":\"2025-07-26T13:15:09+00:00\",\"breadcrumb\":{\"@id\":\"https:\/\/ilhabelamoveis.com.br\/produto\/ib716-sofa-velvet\/#breadcrumb\"},\"inLanguage\":\"en-US\",\"potentialAction\":[{\"@type\":\"ReadAction\",\"target\":[\"https:\/\/ilhabelamoveis.com.br\/produto\/ib716-sofa-velvet\/\"]}]},{\"@type\":\"ImageObject\",\"inLanguage\":\"en-US\",\"@id\":\"https:\/\/ilhabelamoveis.com.br\/produto\/ib716-sofa-velvet\/#primaryimage\",\"url\":\"https:\/\/ilhabelamoveis.com.br\/wp-content\/uploads\/2024\/03\/Velvet-2.webp\",\"contentUrl\":\"https:\/\/ilhabelamoveis.com.br\/wp-content\/uploads\/2024\/03\/Velvet-2.webp\",\"width\":1440,\"height\":960},{\"@type\":\"BreadcrumbList\",\"@id\":\"https:\/\/ilhabelamoveis.com.br\/produto\/ib716-sofa-velvet\/#breadcrumb\",\"itemListElement\":[{\"@type\":\"ListItem\",\"position\":1,\"name\":\"In\u00edcio\",\"item\":\"https:\/\/ilhabelamoveis.com.br\/\"},{\"@type\":\"ListItem\",\"position\":2,\"name\":\"Produtos\",\"item\":\"https:\/\/ilhabelamoveis.com.br\/todos-produtos\/\"},{\"@type\":\"ListItem\",\"position\":3,\"name\":\"Sof\u00e1 Velvet\"}]},{\"@type\":\"WebSite\",\"@id\":\"https:\/\/ilhabelamoveis.com.br\/#website\",\"url\":\"https:\/\/ilhabelamoveis.com.br\/\",\"name\":\"Ilha Bela Estofados\",\"description\":\"Um novo olhar, uma nova inspira\u00e7\u00e3o.\",\"publisher\":{\"@id\":\"https:\/\/ilhabelamoveis.com.br\/#organization\"},\"potentialAction\":[{\"@type\":\"SearchAction\",\"target\":{\"@type\":\"EntryPoint\",\"urlTemplate\":\"https:\/\/ilhabelamoveis.com.br\/?s={search_term_string}\"},\"query-input\":{\"@type\":\"PropertyValueSpecification\",\"valueRequired\":true,\"valueName\":\"search_term_string\"}}],\"inLanguage\":\"en-US\"},{\"@type\":\"Organization\",\"@id\":\"https:\/\/ilhabelamoveis.com.br\/#organization\",\"name\":\"Ilha Bela M\u00f3veis e Estofados\",\"url\":\"https:\/\/ilhabelamoveis.com.br\/\",\"logo\":{\"@type\":\"ImageObject\",\"inLanguage\":\"en-US\",\"@id\":\"https:\/\/ilhabelamoveis.com.br\/#\/schema\/logo\/image\/\",\"url\":\"https:\/\/ilhabelamoveis.com.br\/wp-content\/uploads\/2018\/03\/logo-dark.png\",\"contentUrl\":\"https:\/\/ilhabelamoveis.com.br\/wp-content\/uploads\/2018\/03\/logo-dark.png\",\"width\":470,\"height\":83,\"caption\":\"Ilha Bela M\u00f3veis e Estofados\"},\"image\":{\"@id\":\"https:\/\/ilhabelamoveis.com.br\/#\/schema\/logo\/image\/\"}}]}<\/script>\n<!-- \/ Yoast SEO plugin. -->","yoast_head_json":{"title":"Sof\u00e1 Velvet - Ilha Bela Estofados","robots":{"index":"index","follow":"follow","max-snippet":"max-snippet:-1","max-image-preview":"max-image-preview:large","max-video-preview":"max-video-preview:-1"},"canonical":"https:\/\/ilhabelamoveis.com.br\/en\/product\/ib716-sofa-velvet\/","og_locale":"en_US","og_type":"article","og_title":"Sof\u00e1 Velvet - Ilha Bela Estofados","og_description":"IB716 &#8211; Sof\u00e1 fixo living modular Velvet DIMES\u00d5ES: L x A x P BRA\u00c7O 7 X 88 X 85 CM M\u00d3DULOS: 90 x 88 x 85 CM 100 x 88&hellip;","og_url":"https:\/\/ilhabelamoveis.com.br\/en\/product\/ib716-sofa-velvet\/","og_site_name":"Ilha Bela Estofados","article_modified_time":"2025-07-26T13:15:09+00:00","og_image":[{"width":1440,"height":960,"url":"https:\/\/ilhabelamoveis.com.br\/wp-content\/uploads\/2024\/03\/Velvet-2.webp","type":"image\/webp"}],"twitter_card":"summary_large_image","twitter_misc":{"Est. reading time":"1 minute"},"schema":{"@context":"https:\/\/schema.org","@graph":[{"@type":"WebPage","@id":"https:\/\/ilhabelamoveis.com.br\/produto\/ib716-sofa-velvet\/","url":"https:\/\/ilhabelamoveis.com.br\/produto\/ib716-sofa-velvet\/","name":"Sof\u00e1 Velvet - Ilha Bela Estofados","isPartOf":{"@id":"https:\/\/ilhabelamoveis.com.br\/#website"},"primaryImageOfPage":{"@id":"https:\/\/ilhabelamoveis.com.br\/produto\/ib716-sofa-velvet\/#primaryimage"},"image":{"@id":"https:\/\/ilhabelamoveis.com.br\/produto\/ib716-sofa-velvet\/#primaryimage"},"thumbnailUrl":"https:\/\/ilhabelamoveis.com.br\/wp-content\/uploads\/2024\/03\/Velvet-2.webp","datePublished":"2024-03-21T14:32:27+00:00","dateModified":"2025-07-26T13:15:09+00:00","breadcrumb":{"@id":"https:\/\/ilhabelamoveis.com.br\/produto\/ib716-sofa-velvet\/#breadcrumb"},"inLanguage":"en-US","potentialAction":[{"@type":"ReadAction","target":["https:\/\/ilhabelamoveis.com.br\/produto\/ib716-sofa-velvet\/"]}]},{"@type":"ImageObject","inLanguage":"en-US","@id":"https:\/\/ilhabelamoveis.com.br\/produto\/ib716-sofa-velvet\/#primaryimage","url":"https:\/\/ilhabelamoveis.com.br\/wp-content\/uploads\/2024\/03\/Velvet-2.webp","contentUrl":"https:\/\/ilhabelamoveis.com.br\/wp-content\/uploads\/2024\/03\/Velvet-2.webp","width":1440,"height":960},{"@type":"BreadcrumbList","@id":"https:\/\/ilhabelamoveis.com.br\/produto\/ib716-sofa-velvet\/#breadcrumb","itemListElement":[{"@type":"ListItem","position":1,"name":"In\u00edcio","item":"https:\/\/ilhabelamoveis.com.br\/"},{"@type":"ListItem","position":2,"name":"Produtos","item":"https:\/\/ilhabelamoveis.com.br\/todos-produtos\/"},{"@type":"ListItem","position":3,"name":"Sof\u00e1 Velvet"}]},{"@type":"WebSite","@id":"https:\/\/ilhabelamoveis.com.br\/#website","url":"https:\/\/ilhabelamoveis.com.br\/","name":"Ilha Bela Upholstered Furniture","description":"A new perspective, a new inspiration.","publisher":{"@id":"https:\/\/ilhabelamoveis.com.br\/#organization"},"potentialAction":[{"@type":"SearchAction","target":{"@type":"EntryPoint","urlTemplate":"https:\/\/ilhabelamoveis.com.br\/?s={search_term_string}"},"query-input":{"@type":"PropertyValueSpecification","valueRequired":true,"valueName":"search_term_string"}}],"inLanguage":"en-US"},{"@type":"Organization","@id":"https:\/\/ilhabelamoveis.com.br\/#organization","name":"Ilha Bela M\u00f3veis e Estofados","url":"https:\/\/ilhabelamoveis.com.br\/","logo":{"@type":"ImageObject","inLanguage":"en-US","@id":"https:\/\/ilhabelamoveis.com.br\/#\/schema\/logo\/image\/","url":"https:\/\/ilhabelamoveis.com.br\/wp-content\/uploads\/2018\/03\/logo-dark.png","contentUrl":"https:\/\/ilhabelamoveis.com.br\/wp-content\/uploads\/2018\/03\/logo-dark.png","width":470,"height":83,"caption":"Ilha Bela M\u00f3veis e Estofados"},"image":{"@id":"https:\/\/ilhabelamoveis.com.br\/#\/schema\/logo\/image\/"}}]}},"brands":[],"_links":{"self":[{"href":"https:\/\/ilhabelamoveis.com.br\/en\/wp-json\/wp\/v2\/product\/12975","targetHints":{"allow":["GET"]}}],"collection":[{"href":"https:\/\/ilhabelamoveis.com.br\/en\/wp-json\/wp\/v2\/product"}],"about":[{"href":"https:\/\/ilhabelamoveis.com.br\/en\/wp-json\/wp\/v2\/types\/product"}],"replies":[{"embeddable":true,"href":"https:\/\/ilhabelamoveis.com.br\/en\/wp-json\/wp\/v2\/comments?post=12975"}],"wp:featuredmedia":[{"embeddable":true,"href":"https:\/\/ilhabelamoveis.com.br\/en\/wp-json\/wp\/v2\/media\/12977"}],"wp:attachment":[{"href":"https:\/\/ilhabelamoveis.com.br\/en\/wp-json\/wp\/v2\/media?parent=12975"}],"wp:term":[{"taxonomy":"pwb-brand","embeddable":true,"href":"https:\/\/ilhabelamoveis.com.br\/en\/wp-json\/wp\/v2\/pwb-brand?post=12975"},{"taxonomy":"product_brand","embeddable":true,"href":"https:\/\/ilhabelamoveis.com.br\/en\/wp-json\/wp\/v2\/product_brand?post=12975"},{"taxonomy":"product_cat","embeddable":true,"href":"https:\/\/ilhabelamoveis.com.br\/en\/wp-json\/wp\/v2\/product_cat?post=12975"},{"taxonomy":"product_tag","embeddable":true,"href":"https:\/\/ilhabelamoveis.com.br\/en\/wp-json\/wp\/v2\/product_tag?post=12975"}],"curies":[{"name":"wp","href":"https:\/\/api.w.org\/{rel}","templated":true}]}}