{"id":14122,"date":"2026-03-10T14:39:54","date_gmt":"2026-03-10T17:39:54","guid":{"rendered":"https:\/\/ilhabelamoveis.com.br\/?post_type=product&#038;p=14122"},"modified":"2026-03-10T15:00:59","modified_gmt":"2026-03-10T18:00:59","slug":"ib759-cosmopolitan-retratil","status":"publish","type":"product","link":"https:\/\/ilhabelamoveis.com.br\/en\/product\/ib759-cosmopolitan-retratil\/","title":{"rendered":"<span class=\"trp-no-translate\">IB759 \u2013 Cosmopolitan Retractable<\/span>"},"content":{"rendered":"<p>IB759 \u2013 Cosmopolitan modular reclining sofa, manual or electric<\/p>\n<p>Dimensions: W x H x D<\/p>\n<p>ARM:<\/p>\n<p>20 x 65 x 105 CM<\/p>\n<p>MODULES:<\/p>\n<p>80 x 82 x 110 cm<\/p>\n<p>90 x 82 x 110 cm<\/p>\n<p>100 x 82 x 110 cm<\/p>\n<p>110 x 82 x 110 cm<\/p>\n<p>*Option for electric mechanism.<\/p>\n<p>&nbsp;<\/p>","protected":false},"excerpt":{"rendered":"<p>IB759 &#8211; Sof\u00e1 retr\u00e1til modular manual ou el\u00e9trico Cosmopolitan Dimens\u00f5es: L x A x P BRA\u00c7O: 20 x 65 x 105 CM M\u00d3DULOS: 80 X 82 X 110 CM 90&hellip;<\/p>","protected":false},"featured_media":14131,"comment_status":"open","ping_status":"closed","template":"","meta":{"_acf_changed":false,"_joinchat":[]},"pwb-brand":[],"product_brand":[],"product_cat":[54,59],"product_tag":[],"class_list":{"0":"post-14122","1":"product","2":"type-product","3":"status-publish","4":"has-post-thumbnail","6":"product_cat-sofas-retrateis","7":"product_cat-todos","9":"first","10":"instock","11":"shipping-taxable","12":"product-type-simple","13":"layout-style-1","14":"col-md-4 col-sm-4 col-xs-6","15":"col-lg-3","16":"product-has-gallery","17":"product-style-default"},"acf":[],"yoast_head":"<!-- This site is optimized with the Yoast SEO plugin v26.9 - https:\/\/yoast.com\/product\/yoast-seo-wordpress\/ -->\n<title>IB759 - Cosmopolitan Retr\u00e1til - Ilha Bela Estofados<\/title>\n<meta name=\"robots\" content=\"index, follow, max-snippet:-1, max-image-preview:large, max-video-preview:-1\" \/>\n<link rel=\"canonical\" href=\"https:\/\/ilhabelamoveis.com.br\/en\/product\/ib759-cosmopolitan-retratil\/\" \/>\n<meta property=\"og:locale\" content=\"en_US\" \/>\n<meta property=\"og:type\" content=\"article\" \/>\n<meta property=\"og:title\" content=\"IB759 - Cosmopolitan Retr\u00e1til - Ilha Bela Estofados\" \/>\n<meta property=\"og:description\" content=\"IB759 &#8211; Sof\u00e1 retr\u00e1til modular manual ou el\u00e9trico Cosmopolitan Dimens\u00f5es: L x A x P BRA\u00c7O: 20 x 65 x 105 CM M\u00d3DULOS: 80 X 82 X 110 CM 90&hellip;\" \/>\n<meta property=\"og:url\" content=\"https:\/\/ilhabelamoveis.com.br\/en\/product\/ib759-cosmopolitan-retratil\/\" \/>\n<meta property=\"og:site_name\" content=\"Ilha Bela Estofados\" \/>\n<meta property=\"article:modified_time\" content=\"2026-03-10T18:00:59+00:00\" \/>\n<meta property=\"og:image\" content=\"https:\/\/ilhabelamoveis.com.br\/wp-content\/uploads\/2026\/03\/Ilha-bela-847tex_1609-copy-1.jpg\" \/>\n\t<meta property=\"og:image:width\" content=\"1280\" \/>\n\t<meta property=\"og:image:height\" content=\"960\" \/>\n\t<meta property=\"og:image:type\" content=\"image\/jpeg\" \/>\n<meta name=\"twitter:card\" content=\"summary_large_image\" \/>\n<meta name=\"twitter:label1\" content=\"Est. reading time\" \/>\n\t<meta name=\"twitter:data1\" content=\"1 minute\" \/>\n<script type=\"application\/ld+json\" class=\"yoast-schema-graph\">{\"@context\":\"https:\/\/schema.org\",\"@graph\":[{\"@type\":\"WebPage\",\"@id\":\"https:\/\/ilhabelamoveis.com.br\/produto\/ib759-cosmopolitan-retratil\/\",\"url\":\"https:\/\/ilhabelamoveis.com.br\/produto\/ib759-cosmopolitan-retratil\/\",\"name\":\"IB759 - Cosmopolitan Retr\u00e1til - Ilha Bela Estofados\",\"isPartOf\":{\"@id\":\"https:\/\/ilhabelamoveis.com.br\/#website\"},\"primaryImageOfPage\":{\"@id\":\"https:\/\/ilhabelamoveis.com.br\/produto\/ib759-cosmopolitan-retratil\/#primaryimage\"},\"image\":{\"@id\":\"https:\/\/ilhabelamoveis.com.br\/produto\/ib759-cosmopolitan-retratil\/#primaryimage\"},\"thumbnailUrl\":\"https:\/\/ilhabelamoveis.com.br\/wp-content\/uploads\/2026\/03\/Ilha-bela-847tex_1609-copy-1.jpg\",\"datePublished\":\"2026-03-10T17:39:54+00:00\",\"dateModified\":\"2026-03-10T18:00:59+00:00\",\"breadcrumb\":{\"@id\":\"https:\/\/ilhabelamoveis.com.br\/produto\/ib759-cosmopolitan-retratil\/#breadcrumb\"},\"inLanguage\":\"en-US\",\"potentialAction\":[{\"@type\":\"ReadAction\",\"target\":[\"https:\/\/ilhabelamoveis.com.br\/produto\/ib759-cosmopolitan-retratil\/\"]}]},{\"@type\":\"ImageObject\",\"inLanguage\":\"en-US\",\"@id\":\"https:\/\/ilhabelamoveis.com.br\/produto\/ib759-cosmopolitan-retratil\/#primaryimage\",\"url\":\"https:\/\/ilhabelamoveis.com.br\/wp-content\/uploads\/2026\/03\/Ilha-bela-847tex_1609-copy-1.jpg\",\"contentUrl\":\"https:\/\/ilhabelamoveis.com.br\/wp-content\/uploads\/2026\/03\/Ilha-bela-847tex_1609-copy-1.jpg\",\"width\":1280,\"height\":960},{\"@type\":\"BreadcrumbList\",\"@id\":\"https:\/\/ilhabelamoveis.com.br\/produto\/ib759-cosmopolitan-retratil\/#breadcrumb\",\"itemListElement\":[{\"@type\":\"ListItem\",\"position\":1,\"name\":\"In\u00edcio\",\"item\":\"https:\/\/ilhabelamoveis.com.br\/\"},{\"@type\":\"ListItem\",\"position\":2,\"name\":\"Produtos\",\"item\":\"https:\/\/ilhabelamoveis.com.br\/todos-produtos\/\"},{\"@type\":\"ListItem\",\"position\":3,\"name\":\"IB759 &#8211; Cosmopolitan Retr\u00e1til\"}]},{\"@type\":\"WebSite\",\"@id\":\"https:\/\/ilhabelamoveis.com.br\/#website\",\"url\":\"https:\/\/ilhabelamoveis.com.br\/\",\"name\":\"Ilha Bela Estofados\",\"description\":\"Um novo olhar, uma nova inspira\u00e7\u00e3o.\",\"publisher\":{\"@id\":\"https:\/\/ilhabelamoveis.com.br\/#organization\"},\"potentialAction\":[{\"@type\":\"SearchAction\",\"target\":{\"@type\":\"EntryPoint\",\"urlTemplate\":\"https:\/\/ilhabelamoveis.com.br\/?s={search_term_string}\"},\"query-input\":{\"@type\":\"PropertyValueSpecification\",\"valueRequired\":true,\"valueName\":\"search_term_string\"}}],\"inLanguage\":\"en-US\"},{\"@type\":\"Organization\",\"@id\":\"https:\/\/ilhabelamoveis.com.br\/#organization\",\"name\":\"Ilha Bela M\u00f3veis e Estofados\",\"url\":\"https:\/\/ilhabelamoveis.com.br\/\",\"logo\":{\"@type\":\"ImageObject\",\"inLanguage\":\"en-US\",\"@id\":\"https:\/\/ilhabelamoveis.com.br\/#\/schema\/logo\/image\/\",\"url\":\"https:\/\/ilhabelamoveis.com.br\/wp-content\/uploads\/2018\/03\/logo-dark.png\",\"contentUrl\":\"https:\/\/ilhabelamoveis.com.br\/wp-content\/uploads\/2018\/03\/logo-dark.png\",\"width\":470,\"height\":83,\"caption\":\"Ilha Bela M\u00f3veis e Estofados\"},\"image\":{\"@id\":\"https:\/\/ilhabelamoveis.com.br\/#\/schema\/logo\/image\/\"}}]}<\/script>\n<!-- \/ Yoast SEO plugin. -->","yoast_head_json":{"title":"IB759 - Cosmopolitan Retr\u00e1til - Ilha Bela Estofados","robots":{"index":"index","follow":"follow","max-snippet":"max-snippet:-1","max-image-preview":"max-image-preview:large","max-video-preview":"max-video-preview:-1"},"canonical":"https:\/\/ilhabelamoveis.com.br\/en\/product\/ib759-cosmopolitan-retratil\/","og_locale":"en_US","og_type":"article","og_title":"IB759 - Cosmopolitan Retr\u00e1til - Ilha Bela Estofados","og_description":"IB759 &#8211; Sof\u00e1 retr\u00e1til modular manual ou el\u00e9trico Cosmopolitan Dimens\u00f5es: L x A x P BRA\u00c7O: 20 x 65 x 105 CM M\u00d3DULOS: 80 X 82 X 110 CM 90&hellip;","og_url":"https:\/\/ilhabelamoveis.com.br\/en\/product\/ib759-cosmopolitan-retratil\/","og_site_name":"Ilha Bela Estofados","article_modified_time":"2026-03-10T18:00:59+00:00","og_image":[{"width":1280,"height":960,"url":"https:\/\/ilhabelamoveis.com.br\/wp-content\/uploads\/2026\/03\/Ilha-bela-847tex_1609-copy-1.jpg","type":"image\/jpeg"}],"twitter_card":"summary_large_image","twitter_misc":{"Est. reading time":"1 minute"},"schema":{"@context":"https:\/\/schema.org","@graph":[{"@type":"WebPage","@id":"https:\/\/ilhabelamoveis.com.br\/produto\/ib759-cosmopolitan-retratil\/","url":"https:\/\/ilhabelamoveis.com.br\/produto\/ib759-cosmopolitan-retratil\/","name":"IB759 - Cosmopolitan Retr\u00e1til - Ilha Bela Estofados","isPartOf":{"@id":"https:\/\/ilhabelamoveis.com.br\/#website"},"primaryImageOfPage":{"@id":"https:\/\/ilhabelamoveis.com.br\/produto\/ib759-cosmopolitan-retratil\/#primaryimage"},"image":{"@id":"https:\/\/ilhabelamoveis.com.br\/produto\/ib759-cosmopolitan-retratil\/#primaryimage"},"thumbnailUrl":"https:\/\/ilhabelamoveis.com.br\/wp-content\/uploads\/2026\/03\/Ilha-bela-847tex_1609-copy-1.jpg","datePublished":"2026-03-10T17:39:54+00:00","dateModified":"2026-03-10T18:00:59+00:00","breadcrumb":{"@id":"https:\/\/ilhabelamoveis.com.br\/produto\/ib759-cosmopolitan-retratil\/#breadcrumb"},"inLanguage":"en-US","potentialAction":[{"@type":"ReadAction","target":["https:\/\/ilhabelamoveis.com.br\/produto\/ib759-cosmopolitan-retratil\/"]}]},{"@type":"ImageObject","inLanguage":"en-US","@id":"https:\/\/ilhabelamoveis.com.br\/produto\/ib759-cosmopolitan-retratil\/#primaryimage","url":"https:\/\/ilhabelamoveis.com.br\/wp-content\/uploads\/2026\/03\/Ilha-bela-847tex_1609-copy-1.jpg","contentUrl":"https:\/\/ilhabelamoveis.com.br\/wp-content\/uploads\/2026\/03\/Ilha-bela-847tex_1609-copy-1.jpg","width":1280,"height":960},{"@type":"BreadcrumbList","@id":"https:\/\/ilhabelamoveis.com.br\/produto\/ib759-cosmopolitan-retratil\/#breadcrumb","itemListElement":[{"@type":"ListItem","position":1,"name":"In\u00edcio","item":"https:\/\/ilhabelamoveis.com.br\/"},{"@type":"ListItem","position":2,"name":"Produtos","item":"https:\/\/ilhabelamoveis.com.br\/todos-produtos\/"},{"@type":"ListItem","position":3,"name":"IB759 &#8211; Cosmopolitan Retr\u00e1til"}]},{"@type":"WebSite","@id":"https:\/\/ilhabelamoveis.com.br\/#website","url":"https:\/\/ilhabelamoveis.com.br\/","name":"Ilha Bela Upholstered Furniture","description":"A new perspective, a new inspiration.","publisher":{"@id":"https:\/\/ilhabelamoveis.com.br\/#organization"},"potentialAction":[{"@type":"SearchAction","target":{"@type":"EntryPoint","urlTemplate":"https:\/\/ilhabelamoveis.com.br\/?s={search_term_string}"},"query-input":{"@type":"PropertyValueSpecification","valueRequired":true,"valueName":"search_term_string"}}],"inLanguage":"en-US"},{"@type":"Organization","@id":"https:\/\/ilhabelamoveis.com.br\/#organization","name":"Ilha Bela Furniture and Upholstery","url":"https:\/\/ilhabelamoveis.com.br\/","logo":{"@type":"ImageObject","inLanguage":"en-US","@id":"https:\/\/ilhabelamoveis.com.br\/#\/schema\/logo\/image\/","url":"https:\/\/ilhabelamoveis.com.br\/wp-content\/uploads\/2018\/03\/logo-dark.png","contentUrl":"https:\/\/ilhabelamoveis.com.br\/wp-content\/uploads\/2018\/03\/logo-dark.png","width":470,"height":83,"caption":"Ilha Bela M\u00f3veis e Estofados"},"image":{"@id":"https:\/\/ilhabelamoveis.com.br\/#\/schema\/logo\/image\/"}}]}},"brands":[],"_links":{"self":[{"href":"https:\/\/ilhabelamoveis.com.br\/en\/wp-json\/wp\/v2\/product\/14122","targetHints":{"allow":["GET"]}}],"collection":[{"href":"https:\/\/ilhabelamoveis.com.br\/en\/wp-json\/wp\/v2\/product"}],"about":[{"href":"https:\/\/ilhabelamoveis.com.br\/en\/wp-json\/wp\/v2\/types\/product"}],"replies":[{"embeddable":true,"href":"https:\/\/ilhabelamoveis.com.br\/en\/wp-json\/wp\/v2\/comments?post=14122"}],"wp:featuredmedia":[{"embeddable":true,"href":"https:\/\/ilhabelamoveis.com.br\/en\/wp-json\/wp\/v2\/media\/14131"}],"wp:attachment":[{"href":"https:\/\/ilhabelamoveis.com.br\/en\/wp-json\/wp\/v2\/media?parent=14122"}],"wp:term":[{"taxonomy":"pwb-brand","embeddable":true,"href":"https:\/\/ilhabelamoveis.com.br\/en\/wp-json\/wp\/v2\/pwb-brand?post=14122"},{"taxonomy":"product_brand","embeddable":true,"href":"https:\/\/ilhabelamoveis.com.br\/en\/wp-json\/wp\/v2\/product_brand?post=14122"},{"taxonomy":"product_cat","embeddable":true,"href":"https:\/\/ilhabelamoveis.com.br\/en\/wp-json\/wp\/v2\/product_cat?post=14122"},{"taxonomy":"product_tag","embeddable":true,"href":"https:\/\/ilhabelamoveis.com.br\/en\/wp-json\/wp\/v2\/product_tag?post=14122"}],"curies":[{"name":"wp","href":"https:\/\/api.w.org\/{rel}","templated":true}]}}