{"id":13414,"date":"2025-06-10T00:19:15","date_gmt":"2025-06-10T03:19:15","guid":{"rendered":"https:\/\/ilhabelamoveis.com.br\/?page_id=13414"},"modified":"2026-02-02T08:15:56","modified_gmt":"2026-02-02T11:15:56","slug":"institucional","status":"publish","type":"page","link":"https:\/\/ilhabelamoveis.com.br\/es\/institucional\/","title":{"rendered":"La experiencia que te mereces."},"content":{"rendered":"<div data-elementor-type=\"wp-page\" data-elementor-id=\"13414\" class=\"elementor elementor-13414\" data-elementor-post-type=\"page\">\n\t\t\t\t<div class=\"elementor-element elementor-element-8d45b83 e-flex e-con-boxed e-con e-parent\" data-id=\"8d45b83\" data-element_type=\"container\" data-e-type=\"container\">\n\t\t\t\t\t<div class=\"e-con-inner\">\n\t\t<div class=\"elementor-element elementor-element-ab7e472 e-con-full e-flex e-con e-child\" data-id=\"ab7e472\" data-element_type=\"container\" data-e-type=\"container\">\n\t\t\t\t<div class=\"elementor-element elementor-element-29893c0 elementor-widget elementor-widget-video\" data-id=\"29893c0\" data-element_type=\"widget\" data-e-type=\"widget\" data-settings=\"{&quot;video_type&quot;:&quot;hosted&quot;,&quot;show_image_overlay&quot;:&quot;yes&quot;,&quot;image_overlay&quot;:{&quot;url&quot;:&quot;https:\\\/\\\/ilhabelamoveis.com.br\\\/wp-content\\\/uploads\\\/2025\\\/12\\\/3.png&quot;,&quot;id&quot;:13792,&quot;size&quot;:&quot;&quot;,&quot;alt&quot;:&quot;&quot;,&quot;source&quot;:&quot;library&quot;},&quot;controls&quot;:&quot;yes&quot;}\" data-widget_type=\"video.default\">\n\t\t\t\t<div class=\"elementor-widget-container\">\n\t\t\t\t\t\t\t<div class=\"e-hosted-video elementor-wrapper elementor-open-inline\">\n\t\t\t\t\t<video class=\"elementor-video\" src=\"https:\/\/ilhabelamoveis.com.br\/wp-content\/uploads\/2025\/12\/IB-Sofas-do-Brasil-Carmem.mp4\" controls=\"\" preload=\"metadata\" controlslist=\"nodownload\"><\/video>\n\t\t\t\t\t\t<div class=\"elementor-custom-embed-image-overlay\" style=\"background-image: url(https:\/\/ilhabelamoveis.com.br\/wp-content\/uploads\/2025\/12\/3.png);\">\n\t\t\t\t\t\t\t\t\t\t\t\t\t\t\t\t<div class=\"elementor-custom-embed-play\" role=\"button\" aria-label=\"Reproducir v\u00eddeo\" tabindex=\"0\">\n\t\t\t\t\t\t\t<i aria-hidden=\"true\" class=\"eicon-play\"><\/i>\t\t\t\t\t\t<\/div>\n\t\t\t\t\t\t\t\t\t<\/div>\n\t\t\t\t\t<\/div>\n\t\t\t\t\t\t<\/div>\n\t\t\t\t<\/div>\n\t\t\t\t<div class=\"elementor-element elementor-element-1f83954 elementor-widget elementor-widget-video\" data-id=\"1f83954\" data-element_type=\"widget\" data-e-type=\"widget\" data-settings=\"{&quot;video_type&quot;:&quot;hosted&quot;,&quot;show_image_overlay&quot;:&quot;yes&quot;,&quot;image_overlay&quot;:{&quot;url&quot;:&quot;https:\\\/\\\/ilhabelamoveis.com.br\\\/wp-content\\\/uploads\\\/2025\\\/12\\\/3.png&quot;,&quot;id&quot;:13792,&quot;size&quot;:&quot;&quot;,&quot;alt&quot;:&quot;&quot;,&quot;source&quot;:&quot;library&quot;},&quot;controls&quot;:&quot;yes&quot;}\" data-no-translation=\"\" data-widget_type=\"video.default\">\n\t\t\t\t<div class=\"elementor-widget-container\">\n\t\t\t\t\t<style>.elementor-element-1f83954{display:none !important}<\/style>\t\t\t\t<\/div>\n\t\t\t\t<\/div>\n\t\t\t\t<\/div>\n\t\t<div class=\"elementor-element elementor-element-3c05507 e-con-full e-flex e-con e-child\" data-id=\"3c05507\" data-element_type=\"container\" data-e-type=\"container\">\n\t\t\t\t<div class=\"elementor-element elementor-element-249a57b elementor-widget elementor-widget-heading\" data-id=\"249a57b\" data-element_type=\"widget\" data-e-type=\"widget\" data-widget_type=\"heading.default\">\n\t\t\t\t<div class=\"elementor-widget-container\">\n\t\t\t\t\t<h1 class=\"elementor-heading-title elementor-size-default\">Esencia, calidad, sofisticaci\u00f3n y dise\u00f1o exclusivo para transformar tu hogar.<\/h1>\t\t\t\t<\/div>\n\t\t\t\t<\/div>\n\t\t\t\t<div class=\"elementor-element elementor-element-cc9c0ef elementor-widget elementor-widget-text-editor\" data-id=\"cc9c0ef\" data-element_type=\"widget\" data-e-type=\"widget\" data-widget_type=\"text-editor.default\">\n\t\t\t\t<div class=\"elementor-widget-container\">\n\t\t\t\t\t\t\t\t\t<p>Haga clic a continuaci\u00f3n para obtener m\u00e1s informaci\u00f3n sobre c\u00f3mo comenz\u00f3 nuestra historia y contin\u00faa hasta el d\u00eda de hoy.<\/p>\t\t\t\t\t\t\t\t<\/div>\n\t\t\t\t<\/div>\n\t\t\t\t<div class=\"elementor-element elementor-element-abd85d2 elementor-widget elementor-widget-image\" data-id=\"abd85d2\" data-element_type=\"widget\" data-e-type=\"widget\" data-widget_type=\"image.default\">\n\t\t\t\t<div class=\"elementor-widget-container\">\n\t\t\t\t\t\t\t\t\t\t\t\t\t\t\t<img decoding=\"async\" width=\"120\" height=\"83\" src=\"https:\/\/ilhabelamoveis.com.br\/wp-content\/uploads\/2025\/12\/3.png\" class=\"attachment-full size-full wp-image-13792\" alt=\"\" \/>\t\t\t\t\t\t\t\t\t\t\t\t\t\t\t<\/div>\n\t\t\t\t<\/div>\n\t\t\t\t<\/div>\n\t\t\t\t\t<\/div>\n\t\t\t\t<\/div>\n\t\t<div class=\"elementor-element elementor-element-b246522 e-flex e-con-boxed e-con e-parent\" data-id=\"b246522\" data-element_type=\"container\" data-e-type=\"container\">\n\t\t\t\t\t<div class=\"e-con-inner\">\n\t\t<div class=\"elementor-element elementor-element-87ec394 e-con-full e-flex e-con e-child\" data-id=\"87ec394\" data-element_type=\"container\" data-e-type=\"container\">\n\t\t\t\t<div class=\"elementor-element elementor-element-3d2d03a elementor-widget elementor-widget-heading\" data-id=\"3d2d03a\" data-element_type=\"widget\" data-e-type=\"widget\" data-widget_type=\"heading.default\">\n\t\t\t\t<div class=\"elementor-widget-container\">\n\t\t\t\t\t<h3 class=\"elementor-heading-title elementor-size-default\">Cuando combinamos belleza y confort para aportar bienestar, el resultado es un espacio ideal.<\/h3>\t\t\t\t<\/div>\n\t\t\t\t<\/div>\n\t\t\t\t<div class=\"elementor-element elementor-element-5d14500 elementor-widget elementor-widget-text-editor\" data-id=\"5d14500\" data-element_type=\"widget\" data-e-type=\"widget\" data-widget_type=\"text-editor.default\">\n\t\t\t\t<div class=\"elementor-widget-container\">\n\t\t\t\t\t\t\t\t\t<p>La excelencia en cada detalle deleita tus ojos con total comodidad. Los productos Ilha Bela ofrecen una amplia variedad de opciones para satisfacer las necesidades de los consumidores m\u00e1s exigentes. Nuestra dedicaci\u00f3n a ayudar a las personas a crear sus espacios ideales marca la diferencia en sus vidas con cada producto. Siempre que pensamos en tu vida, creamos elementos que reflejan tu personalidad y usamos esa inspiraci\u00f3n para ayudarte a crear muchos finales felices.<\/p>\t\t\t\t\t\t\t\t<\/div>\n\t\t\t\t<\/div>\n\t\t\t\t<\/div>\n\t\t<div class=\"elementor-element elementor-element-07b1024 e-con-full e-flex e-con e-child\" data-id=\"07b1024\" data-element_type=\"container\" data-e-type=\"container\" data-settings=\"{&quot;background_background&quot;:&quot;classic&quot;}\">\n\t\t\t\t<\/div>\n\t\t\t\t\t<\/div>\n\t\t\t\t<\/div>\n\t\t<div class=\"elementor-element elementor-element-3f2db94 e-flex e-con-boxed e-con e-parent\" data-id=\"3f2db94\" data-element_type=\"container\" data-e-type=\"container\">\n\t\t\t\t\t<div class=\"e-con-inner\">\n\t\t\t\t<div class=\"elementor-element elementor-element-8c6cf76 elementor-widget elementor-widget-heading\" data-id=\"8c6cf76\" data-element_type=\"widget\" data-e-type=\"widget\" data-widget_type=\"heading.default\">\n\t\t\t\t<div class=\"elementor-widget-container\">\n\t\t\t\t\t<h3 class=\"elementor-heading-title elementor-size-default\">Dentro de nuestra tapicer\u00eda.<\/h3>\t\t\t\t<\/div>\n\t\t\t\t<\/div>\n\t\t\t\t<div class=\"elementor-element elementor-element-5aecb8a elementor-widget elementor-widget-text-editor\" data-id=\"5aecb8a\" data-element_type=\"widget\" data-e-type=\"widget\" data-widget_type=\"text-editor.default\">\n\t\t\t\t<div class=\"elementor-widget-container\">\n\t\t\t\t\t\t\t\t\t<div class=\"vc_row wpb_row vc_row-fluid vc_custom_1480665418505\"><div class=\"wpb_column vc_column_container vc_col-sm-8 vc_col-lg-offset-2 vc_col-lg-8 vc_col-md-offset-0 vc_col-md-12 vc_col-sm-offset-0\"><div class=\"vc_column-inner\"><div class=\"wpb_wrapper\"><div class=\"wpb_text_column wpb_content_element\"><div class=\"wpb_wrapper\"><p>La comodidad y la calidad solo son posibles gracias a ciertos detalles internos de los productos. Por eso es fundamental conocer c\u00f3mo se fabrica un producto Ilha Bela.<\/p><\/div><\/div><\/div><\/div><\/div><\/div>\t\t\t\t\t\t\t\t<\/div>\n\t\t\t\t<\/div>\n\t\t\t\t<div class=\"elementor-element elementor-element-e09ec60 elementor-widget elementor-widget-sober-icon-box-carousel\" data-id=\"e09ec60\" data-element_type=\"widget\" data-e-type=\"widget\" data-settings=\"{&quot;items_to_show&quot;:3,&quot;items_to_show_tablet&quot;:2,&quot;items_to_show_mobile&quot;:1,&quot;autoplay&quot;:&quot;yes&quot;,&quot;autoplay_speed&quot;:5000}\" data-widget_type=\"sober-icon-box-carousel.default\">\n\t\t\t\t<div class=\"elementor-widget-container\">\n\t\t\t\t\t\t\t<div class=\"sober-icon-box-carousel\">\n\t\t\t\t\t\t\t\t\t\t\t<div class=\"sober-icon-box sober-icon-box-carousel__box icon-type-image icon-style-normal elementor-repeater-item-9976136\">\n\t\t\t\t\t<div class=\"sober-icon-box__icon box-icon\">\n\t\t\t\t\t\t<img decoding=\"async\" alt=\" Molas Bonnel\" src=\"https:\/\/ilhabelamoveis.com.br\/wp-content\/uploads\/2018\/03\/4.png\">\t\t\t\t\t<\/div>\n\t\t\t\t\t<h3 class=\"sober-icon-box__title box-title\"> Bonnel Springs<\/h3>\n\t\t\t\t\t<div class=\"sober-icon-box__content box-content\">Todos los asientos tapizados se ensamblan con resortes Bonnel y correas de asiento. Se pueden a\u00f1adir resortes embolsados individualmente.<\/div>\n\t\t\t\t<\/div>\n\t\t\t\t\t\t\t\t\t\t\t<div class=\"sober-icon-box sober-icon-box-carousel__box icon-type-image icon-style-normal elementor-repeater-item-adfde00\">\n\t\t\t\t\t<div class=\"sober-icon-box__icon box-icon\">\n\t\t\t\t\t\t<img decoding=\"async\" alt=\"Percintas Italianas\" src=\"https:\/\/ilhabelamoveis.com.br\/wp-content\/uploads\/2018\/03\/5.png\">\t\t\t\t\t<\/div>\n\t\t\t\t\t<h3 class=\"sober-icon-box__title box-title\">Correas italianas<\/h3>\n\t\t\t\t\t<div class=\"sober-icon-box__content box-content\">El uso de cintas italianas trenzadas y alineadas evita que la espuma se abra y se hunda al sentarse.<\/div>\n\t\t\t\t<\/div>\n\t\t\t\t\t\t\t\t\t\t\t<div class=\"sober-icon-box sober-icon-box-carousel__box icon-type-image icon-style-normal elementor-repeater-item-9d9758d\">\n\t\t\t\t\t<div class=\"sober-icon-box__icon box-icon\">\n\t\t\t\t\t\t<img decoding=\"async\" alt=\"Estrutura Consciente\" src=\"https:\/\/ilhabelamoveis.com.br\/wp-content\/uploads\/2018\/03\/3.png\">\t\t\t\t\t<\/div>\n\t\t\t\t\t<h3 class=\"sober-icon-box__title box-title\">Estructura consciente<\/h3>\n\t\t\t\t\t<div class=\"sober-icon-box__content box-content\">Todos los productos tienen una estructura realizada en madera de eucalipto, procedente de zonas de reforestaci\u00f3n, tratada y cepillada.<\/div>\n\t\t\t\t<\/div>\n\t\t\t\t\t\t\t\t\t\t\t<div class=\"sober-icon-box sober-icon-box-carousel__box icon-type-image icon-style-normal elementor-repeater-item-030958c\">\n\t\t\t\t\t<div class=\"sober-icon-box__icon box-icon\">\n\t\t\t\t\t\t<img decoding=\"async\" alt=\"Percintas\" src=\"https:\/\/ilhabelamoveis.com.br\/wp-content\/uploads\/2018\/03\/5.png\">\t\t\t\t\t<\/div>\n\t\t\t\t\t<h3 class=\"sober-icon-box__title box-title\">Cincha<\/h3>\n\t\t\t\t\t<div class=\"sober-icon-box__content box-content\">Se utilizan dos tipos de correas: correas de mayor tensi\u00f3n, para el correcto retorno de las espumas del asiento, y correas de menor tensi\u00f3n, que garantizan el confort de los respaldos.<\/div>\n\t\t\t\t<\/div>\n\t\t\t\t\t\t\t\t\t\t\t<div class=\"sober-icon-box sober-icon-box-carousel__box icon-type-image icon-style-normal elementor-repeater-item-f785d9f\">\n\t\t\t\t\t<div class=\"sober-icon-box__icon box-icon\">\n\t\t\t\t\t\t<img decoding=\"async\" alt=\"Espumas\" src=\"https:\/\/ilhabelamoveis.com.br\/wp-content\/uploads\/2022\/07\/Espuma-II.png\">\t\t\t\t\t<\/div>\n\t\t\t\t\t<h3 class=\"sober-icon-box__title box-title\">Espumas<\/h3>\n\t\t\t\t\t<div class=\"sober-icon-box__content box-content\">Todas las espumas utilizadas en el proceso de fabricaci\u00f3n de los productos Ilha Bela se producen de forma continua y pasan por un proceso de calandrado.<\/div>\n\t\t\t\t<\/div>\n\t\t\t\t\t<\/div>\n\t\t\t\t\t\t<\/div>\n\t\t\t\t<\/div>\n\t\t\t\t\t<\/div>\n\t\t\t\t<\/div>\n\t\t\t\t<\/div>","protected":false},"excerpt":{"rendered":"<p>https:\/\/ilhabelamoveis.com.br\/wp-content\/uploads\/2025\/12\/IB-Sofas-do-Brasil-Carmem.mp4https:\/\/ilhabelamoveis.com.br\/wp-content\/uploads\/2026\/02\/IB-Sofas-do-Brasil-Carmem-Ingles.mp4 Ess\u00eancia, qualidade, sofistica\u00e7\u00e3o e design exclusivo para transformar o seu lar. Clique abaixo para saber mais, como come\u00e7ou nossa hist\u00f3ria que perpetua at\u00e9 hoje. Quando juntamos beleza e conforto&hellip;<\/p>","protected":false},"author":1,"featured_media":0,"parent":0,"menu_order":0,"comment_status":"closed","ping_status":"closed","template":"","meta":{"_acf_changed":false,"_joinchat":[],"footnotes":""},"class_list":["post-13414","page","type-page","status-publish","hentry"],"acf":[],"yoast_head":"<!-- This site is optimized with the Yoast SEO plugin v26.9 - https:\/\/yoast.com\/product\/yoast-seo-wordpress\/ -->\n<title>A experi\u00eancia que voc\u00ea merece - Ilha Bela Estofados<\/title>\n<meta name=\"robots\" content=\"index, follow, max-snippet:-1, max-image-preview:large, max-video-preview:-1\" \/>\n<link rel=\"canonical\" href=\"https:\/\/ilhabelamoveis.com.br\/es\/institucional\/\" \/>\n<meta property=\"og:locale\" content=\"es_ES\" \/>\n<meta property=\"og:type\" content=\"article\" \/>\n<meta property=\"og:title\" content=\"A experi\u00eancia que voc\u00ea merece - Ilha Bela Estofados\" \/>\n<meta property=\"og:description\" content=\"https:\/\/ilhabelamoveis.com.br\/wp-content\/uploads\/2025\/12\/IB-Sofas-do-Brasil-Carmem.mp4https:\/\/ilhabelamoveis.com.br\/wp-content\/uploads\/2026\/02\/IB-Sofas-do-Brasil-Carmem-Ingles.mp4 Ess\u00eancia, qualidade, sofistica\u00e7\u00e3o e design exclusivo para transformar o seu lar. Clique abaixo para saber mais, como come\u00e7ou nossa hist\u00f3ria que perpetua at\u00e9 hoje. Quando juntamos beleza e conforto&hellip;\" \/>\n<meta property=\"og:url\" content=\"https:\/\/ilhabelamoveis.com.br\/es\/institucional\/\" \/>\n<meta property=\"og:site_name\" content=\"Ilha Bela Estofados\" \/>\n<meta property=\"article:modified_time\" content=\"2026-02-02T11:15:56+00:00\" \/>\n<meta property=\"og:image\" content=\"https:\/\/ilhabelamoveis.com.br\/wp-content\/uploads\/2025\/12\/3.png\" \/>\n\t<meta property=\"og:image:width\" content=\"120\" \/>\n\t<meta property=\"og:image:height\" content=\"83\" \/>\n\t<meta property=\"og:image:type\" content=\"image\/png\" \/>\n<meta name=\"twitter:card\" content=\"summary_large_image\" \/>\n<meta name=\"twitter:label1\" content=\"Tiempo de lectura\" \/>\n\t<meta name=\"twitter:data1\" content=\"3 minutos\" \/>\n<script type=\"application\/ld+json\" class=\"yoast-schema-graph\">{\"@context\":\"https:\/\/schema.org\",\"@graph\":[{\"@type\":\"WebPage\",\"@id\":\"https:\/\/ilhabelamoveis.com.br\/institucional\/\",\"url\":\"https:\/\/ilhabelamoveis.com.br\/institucional\/\",\"name\":\"A experi\u00eancia que voc\u00ea merece - Ilha Bela Estofados\",\"isPartOf\":{\"@id\":\"https:\/\/ilhabelamoveis.com.br\/#website\"},\"primaryImageOfPage\":{\"@id\":\"https:\/\/ilhabelamoveis.com.br\/institucional\/#primaryimage\"},\"image\":{\"@id\":\"https:\/\/ilhabelamoveis.com.br\/institucional\/#primaryimage\"},\"thumbnailUrl\":\"https:\/\/ilhabelamoveis.com.br\/wp-content\/uploads\/2025\/12\/3.png\",\"datePublished\":\"2025-06-10T03:19:15+00:00\",\"dateModified\":\"2026-02-02T11:15:56+00:00\",\"breadcrumb\":{\"@id\":\"https:\/\/ilhabelamoveis.com.br\/institucional\/#breadcrumb\"},\"inLanguage\":\"es\",\"potentialAction\":[{\"@type\":\"ReadAction\",\"target\":[\"https:\/\/ilhabelamoveis.com.br\/institucional\/\"]}]},{\"@type\":\"ImageObject\",\"inLanguage\":\"es\",\"@id\":\"https:\/\/ilhabelamoveis.com.br\/institucional\/#primaryimage\",\"url\":\"https:\/\/ilhabelamoveis.com.br\/wp-content\/uploads\/2025\/12\/3.png\",\"contentUrl\":\"https:\/\/ilhabelamoveis.com.br\/wp-content\/uploads\/2025\/12\/3.png\"},{\"@type\":\"BreadcrumbList\",\"@id\":\"https:\/\/ilhabelamoveis.com.br\/institucional\/#breadcrumb\",\"itemListElement\":[{\"@type\":\"ListItem\",\"position\":1,\"name\":\"In\u00edcio\",\"item\":\"https:\/\/ilhabelamoveis.com.br\/\"},{\"@type\":\"ListItem\",\"position\":2,\"name\":\"A experi\u00eancia que voc\u00ea merece\"}]},{\"@type\":\"WebSite\",\"@id\":\"https:\/\/ilhabelamoveis.com.br\/#website\",\"url\":\"https:\/\/ilhabelamoveis.com.br\/\",\"name\":\"Ilha Bela Estofados\",\"description\":\"Um novo olhar, uma nova inspira\u00e7\u00e3o.\",\"publisher\":{\"@id\":\"https:\/\/ilhabelamoveis.com.br\/#organization\"},\"potentialAction\":[{\"@type\":\"SearchAction\",\"target\":{\"@type\":\"EntryPoint\",\"urlTemplate\":\"https:\/\/ilhabelamoveis.com.br\/?s={search_term_string}\"},\"query-input\":{\"@type\":\"PropertyValueSpecification\",\"valueRequired\":true,\"valueName\":\"search_term_string\"}}],\"inLanguage\":\"es\"},{\"@type\":\"Organization\",\"@id\":\"https:\/\/ilhabelamoveis.com.br\/#organization\",\"name\":\"Ilha Bela M\u00f3veis e Estofados\",\"url\":\"https:\/\/ilhabelamoveis.com.br\/\",\"logo\":{\"@type\":\"ImageObject\",\"inLanguage\":\"es\",\"@id\":\"https:\/\/ilhabelamoveis.com.br\/#\/schema\/logo\/image\/\",\"url\":\"https:\/\/ilhabelamoveis.com.br\/wp-content\/uploads\/2018\/03\/logo-dark.png\",\"contentUrl\":\"https:\/\/ilhabelamoveis.com.br\/wp-content\/uploads\/2018\/03\/logo-dark.png\",\"width\":470,\"height\":83,\"caption\":\"Ilha Bela M\u00f3veis e Estofados\"},\"image\":{\"@id\":\"https:\/\/ilhabelamoveis.com.br\/#\/schema\/logo\/image\/\"}}]}<\/script>\n<!-- \/ Yoast SEO plugin. -->","yoast_head_json":{"title":"A experi\u00eancia que voc\u00ea merece - Ilha Bela Estofados","robots":{"index":"index","follow":"follow","max-snippet":"max-snippet:-1","max-image-preview":"max-image-preview:large","max-video-preview":"max-video-preview:-1"},"canonical":"https:\/\/ilhabelamoveis.com.br\/es\/institucional\/","og_locale":"es_ES","og_type":"article","og_title":"A experi\u00eancia que voc\u00ea merece - Ilha Bela Estofados","og_description":"https:\/\/ilhabelamoveis.com.br\/wp-content\/uploads\/2025\/12\/IB-Sofas-do-Brasil-Carmem.mp4https:\/\/ilhabelamoveis.com.br\/wp-content\/uploads\/2026\/02\/IB-Sofas-do-Brasil-Carmem-Ingles.mp4 Ess\u00eancia, qualidade, sofistica\u00e7\u00e3o e design exclusivo para transformar o seu lar. Clique abaixo para saber mais, como come\u00e7ou nossa hist\u00f3ria que perpetua at\u00e9 hoje. Quando juntamos beleza e conforto&hellip;","og_url":"https:\/\/ilhabelamoveis.com.br\/es\/institucional\/","og_site_name":"Ilha Bela Estofados","article_modified_time":"2026-02-02T11:15:56+00:00","og_image":[{"width":120,"height":83,"url":"https:\/\/ilhabelamoveis.com.br\/wp-content\/uploads\/2025\/12\/3.png","type":"image\/png"}],"twitter_card":"summary_large_image","twitter_misc":{"Tiempo de lectura":"3 minutos"},"schema":{"@context":"https:\/\/schema.org","@graph":[{"@type":"WebPage","@id":"https:\/\/ilhabelamoveis.com.br\/institucional\/","url":"https:\/\/ilhabelamoveis.com.br\/institucional\/","name":"A experi\u00eancia que voc\u00ea merece - Ilha Bela Estofados","isPartOf":{"@id":"https:\/\/ilhabelamoveis.com.br\/#website"},"primaryImageOfPage":{"@id":"https:\/\/ilhabelamoveis.com.br\/institucional\/#primaryimage"},"image":{"@id":"https:\/\/ilhabelamoveis.com.br\/institucional\/#primaryimage"},"thumbnailUrl":"https:\/\/ilhabelamoveis.com.br\/wp-content\/uploads\/2025\/12\/3.png","datePublished":"2025-06-10T03:19:15+00:00","dateModified":"2026-02-02T11:15:56+00:00","breadcrumb":{"@id":"https:\/\/ilhabelamoveis.com.br\/institucional\/#breadcrumb"},"inLanguage":"es","potentialAction":[{"@type":"ReadAction","target":["https:\/\/ilhabelamoveis.com.br\/institucional\/"]}]},{"@type":"ImageObject","inLanguage":"es","@id":"https:\/\/ilhabelamoveis.com.br\/institucional\/#primaryimage","url":"https:\/\/ilhabelamoveis.com.br\/wp-content\/uploads\/2025\/12\/3.png","contentUrl":"https:\/\/ilhabelamoveis.com.br\/wp-content\/uploads\/2025\/12\/3.png"},{"@type":"BreadcrumbList","@id":"https:\/\/ilhabelamoveis.com.br\/institucional\/#breadcrumb","itemListElement":[{"@type":"ListItem","position":1,"name":"In\u00edcio","item":"https:\/\/ilhabelamoveis.com.br\/"},{"@type":"ListItem","position":2,"name":"A experi\u00eancia que voc\u00ea merece"}]},{"@type":"WebSite","@id":"https:\/\/ilhabelamoveis.com.br\/#website","url":"https:\/\/ilhabelamoveis.com.br\/","name":"Muebles tapizados Ilha Bela","description":"Una nueva perspectiva, una nueva inspiraci\u00f3n.","publisher":{"@id":"https:\/\/ilhabelamoveis.com.br\/#organization"},"potentialAction":[{"@type":"SearchAction","target":{"@type":"EntryPoint","urlTemplate":"https:\/\/ilhabelamoveis.com.br\/?s={search_term_string}"},"query-input":{"@type":"PropertyValueSpecification","valueRequired":true,"valueName":"search_term_string"}}],"inLanguage":"es"},{"@type":"Organization","@id":"https:\/\/ilhabelamoveis.com.br\/#organization","name":"Ilha Bela M\u00f3veis e Estofados","url":"https:\/\/ilhabelamoveis.com.br\/","logo":{"@type":"ImageObject","inLanguage":"es","@id":"https:\/\/ilhabelamoveis.com.br\/#\/schema\/logo\/image\/","url":"https:\/\/ilhabelamoveis.com.br\/wp-content\/uploads\/2018\/03\/logo-dark.png","contentUrl":"https:\/\/ilhabelamoveis.com.br\/wp-content\/uploads\/2018\/03\/logo-dark.png","width":470,"height":83,"caption":"Ilha Bela M\u00f3veis e Estofados"},"image":{"@id":"https:\/\/ilhabelamoveis.com.br\/#\/schema\/logo\/image\/"}}]}},"_links":{"self":[{"href":"https:\/\/ilhabelamoveis.com.br\/es\/wp-json\/wp\/v2\/pages\/13414","targetHints":{"allow":["GET"]}}],"collection":[{"href":"https:\/\/ilhabelamoveis.com.br\/es\/wp-json\/wp\/v2\/pages"}],"about":[{"href":"https:\/\/ilhabelamoveis.com.br\/es\/wp-json\/wp\/v2\/types\/page"}],"author":[{"embeddable":true,"href":"https:\/\/ilhabelamoveis.com.br\/es\/wp-json\/wp\/v2\/users\/1"}],"replies":[{"embeddable":true,"href":"https:\/\/ilhabelamoveis.com.br\/es\/wp-json\/wp\/v2\/comments?post=13414"}],"version-history":[{"count":21,"href":"https:\/\/ilhabelamoveis.com.br\/es\/wp-json\/wp\/v2\/pages\/13414\/revisions"}],"predecessor-version":[{"id":14073,"href":"https:\/\/ilhabelamoveis.com.br\/es\/wp-json\/wp\/v2\/pages\/13414\/revisions\/14073"}],"wp:attachment":[{"href":"https:\/\/ilhabelamoveis.com.br\/es\/wp-json\/wp\/v2\/media?parent=13414"}],"curies":[{"name":"wp","href":"https:\/\/api.w.org\/{rel}","templated":true}]}}