{"id":336,"date":"2016-08-23T06:28:43","date_gmt":"2016-08-23T06:28:43","guid":{"rendered":"http:\/\/demo.uix.store\/sober\/?page_id=336"},"modified":"2025-12-05T08:29:58","modified_gmt":"2025-12-05T11:29:58","slug":"contato","status":"publish","type":"page","link":"https:\/\/ilhabelamoveis.com.br\/es\/contato\/","title":{"rendered":"Contacto"},"content":{"rendered":"<div data-elementor-type=\"wp-page\" data-elementor-id=\"336\" class=\"elementor elementor-336\" data-elementor-post-type=\"page\">\n\t\t\t\t<div class=\"elementor-element elementor-element-e8f57e8 e-flex e-con-boxed e-con e-parent\" data-id=\"e8f57e8\" data-element_type=\"container\" data-e-type=\"container\">\n\t\t\t\t\t<div class=\"e-con-inner\">\n\t\t\t\t<div class=\"elementor-element elementor-element-b0f8bb6 elementor-widget elementor-widget-heading\" data-id=\"b0f8bb6\" data-element_type=\"widget\" data-e-type=\"widget\" data-widget_type=\"heading.default\">\n\t\t\t\t<div class=\"elementor-widget-container\">\n\t\t\t\t\t<p class=\"elementor-heading-title elementor-size-default\">Obtenga respuesta a todas sus preguntas sobre nuestros productos y venga a visitarnos para sorprenderse.\n\n<\/p>\t\t\t\t<\/div>\n\t\t\t\t<\/div>\n\t\t\t\t<div class=\"elementor-element elementor-element-0fb2c37 elementor-align-start elementor-icon-list--layout-traditional elementor-list-item-link-full_width elementor-widget elementor-widget-icon-list\" data-id=\"0fb2c37\" data-element_type=\"widget\" data-e-type=\"widget\" data-widget_type=\"icon-list.default\">\n\t\t\t\t<div class=\"elementor-widget-container\">\n\t\t\t\t\t\t\t<ul class=\"elementor-icon-list-items\">\n\t\t\t\t\t\t\t<li class=\"elementor-icon-list-item\">\n\t\t\t\t\t\t\t\t\t\t\t<a href=\"https:\/\/goo.gl\/maps\/KiXZuuVyiAMBr4Hn7\">\n\n\t\t\t\t\t\t\t\t\t\t\t\t<span class=\"elementor-icon-list-icon\">\n\t\t\t\t\t\t\t<i aria-hidden=\"true\" class=\"fas fa-home\"><\/i>\t\t\t\t\t\t<\/span>\n\t\t\t\t\t\t\t\t\t\t<span class=\"elementor-icon-list-text\"><b>DIRECCI\u00d3N :<\/b> Calle Julieta Sassi Dreher, 465, barrio de S\u00e3o Jo\u00e3o - Bento Gon\u00e7alves - RS<\/span>\n\t\t\t\t\t\t\t\t\t\t\t<\/a>\n\t\t\t\t\t\t\t\t\t<\/li>\n\t\t\t\t\t\t\t\t<li class=\"elementor-icon-list-item\">\n\t\t\t\t\t\t\t\t\t\t\t<a href=\"tel:+555434534113\">\n\n\t\t\t\t\t\t\t\t\t\t\t\t<span class=\"elementor-icon-list-icon\">\n\t\t\t\t\t\t\t<i aria-hidden=\"true\" class=\"fas fa-phone-alt\"><\/i>\t\t\t\t\t\t<\/span>\n\t\t\t\t\t\t\t\t\t\t<span class=\"elementor-icon-list-text\"><b>Tel\u00e9fono:<\/b>  +55 (54) 3453-4113<\/span>\n\t\t\t\t\t\t\t\t\t\t\t<\/a>\n\t\t\t\t\t\t\t\t\t<\/li>\n\t\t\t\t\t\t\t\t<li class=\"elementor-icon-list-item\">\n\t\t\t\t\t\t\t\t\t\t\t<a href=\"https:\/\/api.whatsapp.com\/send?phone=5554999206964&#038;text=Ol%C3%A1%20estou%20acessando%20ao%20site%20da%20Ilha%20Bela%20M%C3%B3veis%20e%20Gostaria%20...\">\n\n\t\t\t\t\t\t\t\t\t\t\t\t<span class=\"elementor-icon-list-icon\">\n\t\t\t\t\t\t\t<i aria-hidden=\"true\" class=\"fab fa-whatsapp\"><\/i>\t\t\t\t\t\t<\/span>\n\t\t\t\t\t\t\t\t\t\t<span class=\"elementor-icon-list-text\"><b>Qu\u00e9:<\/b> +55 (54) 99920-6964<\/span>\n\t\t\t\t\t\t\t\t\t\t\t<\/a>\n\t\t\t\t\t\t\t\t\t<\/li>\n\t\t\t\t\t\t\t\t<li class=\"elementor-icon-list-item\">\n\t\t\t\t\t\t\t\t\t\t\t<a href=\"mailto:%20comercial2@ilhabelamoveis.com.br\">\n\n\t\t\t\t\t\t\t\t\t\t\t\t<span class=\"elementor-icon-list-icon\">\n\t\t\t\t\t\t\t<i aria-hidden=\"true\" class=\"fas fa-envelope\"><\/i>\t\t\t\t\t\t<\/span>\n\t\t\t\t\t\t\t\t\t\t<span class=\"elementor-icon-list-text\"><b>Correo electr\u00f3nico:<\/b> comercial2@ilhabelamoveis.com.br<\/span>\n\t\t\t\t\t\t\t\t\t\t\t<\/a>\n\t\t\t\t\t\t\t\t\t<\/li>\n\t\t\t\t\t\t<\/ul>\n\t\t\t\t\t\t<\/div>\n\t\t\t\t<\/div>\n\t\t\t\t\t<\/div>\n\t\t\t\t<\/div>\n\t\t<div class=\"elementor-element elementor-element-0605826 e-con-full e-flex e-con e-parent\" data-id=\"0605826\" data-element_type=\"container\" data-e-type=\"container\" data-settings=\"{&quot;background_background&quot;:&quot;classic&quot;}\">\n\t\t<div class=\"elementor-element elementor-element-dc2eb02 e-con-full e-flex e-con e-child\" data-id=\"dc2eb02\" data-element_type=\"container\" data-e-type=\"container\">\n\t\t\t\t<div class=\"elementor-element elementor-element-2427b1c elementor-widget elementor-widget-heading\" data-id=\"2427b1c\" data-element_type=\"widget\" data-e-type=\"widget\" data-widget_type=\"heading.default\">\n\t\t\t\t<div class=\"elementor-widget-container\">\n\t\t\t\t\t<h3 class=\"elementor-heading-title elementor-size-default\">Tapicer\u00eda IB de Brasil<\/h3>\t\t\t\t<\/div>\n\t\t\t\t<\/div>\n\t\t\t\t<div class=\"elementor-element elementor-element-c97c1ac elementor-widget__width-inherit elementor-widget elementor-widget-google_maps\" data-id=\"c97c1ac\" data-element_type=\"widget\" data-e-type=\"widget\" data-widget_type=\"google_maps.default\">\n\t\t\t\t<div class=\"elementor-widget-container\">\n\t\t\t\t\t\t\t<div class=\"elementor-custom-embed\">\n\t\t\t<iframe loading=\"lazy\"\n\t\t\t\t\tsrc=\"https:\/\/maps.google.com\/maps?q=Estofados%20Ilha%20Bela&#038;t=m&#038;z=15&#038;output=embed&#038;iwloc=near\"\n\t\t\t\t\ttitle=\"Muebles tapizados Ilha Bela\"\n\t\t\t\t\taria-label=\"Muebles tapizados Ilha Bela\"\n\t\t\t><\/iframe>\n\t\t<\/div>\n\t\t\t\t\t\t<\/div>\n\t\t\t\t<\/div>\n\t\t\t\t<\/div>\n\t\t<div class=\"elementor-element elementor-element-0131737 e-con-full e-flex e-con e-child\" data-id=\"0131737\" data-element_type=\"container\" data-e-type=\"container\">\n\t\t\t\t<div class=\"elementor-element elementor-element-c388b59 elementor-widget elementor-widget-heading\" data-id=\"c388b59\" data-element_type=\"widget\" data-e-type=\"widget\" data-widget_type=\"heading.default\">\n\t\t\t\t<div class=\"elementor-widget-container\">\n\t\t\t\t\t<h3 class=\"elementor-heading-title elementor-size-default\">Cont\u00e1ctenos<\/h3>\t\t\t\t<\/div>\n\t\t\t\t<\/div>\n\t\t\t\t<div class=\"elementor-element elementor-element-f4f677e elementor-widget elementor-widget-shortcode\" data-id=\"f4f677e\" data-element_type=\"widget\" data-e-type=\"widget\" data-widget_type=\"shortcode.default\">\n\t\t\t\t<div class=\"elementor-widget-container\">\n\t\t\t\t\t\t\t<div class=\"elementor-shortcode\">\n<div class=\"wpcf7 no-js\" id=\"wpcf7-f337-o1\" lang=\"en-US\" dir=\"ltr\" data-wpcf7-id=\"337\">\n<div class=\"screen-reader-response\"><p role=\"status\" aria-live=\"polite\" aria-atomic=\"true\"><\/p> <ul><\/ul><\/div>\n<form action=\"\/es\/wp-json\/wp\/v2\/pages\/336#wpcf7-f337-o1\" method=\"post\" class=\"wpcf7-form init\" aria-label=\"Contact form\" novalidate=\"novalidate\" data-status=\"init\" data-trp-original-action=\"\/es\/wp-json\/wp\/v2\/pages\/336#wpcf7-f337-o1\">\n<fieldset class=\"hidden-fields-container\"><input type=\"hidden\" name=\"_wpcf7\" value=\"337\" \/><input type=\"hidden\" name=\"_wpcf7_version\" value=\"6.1.4\" \/><input type=\"hidden\" name=\"_wpcf7_locale\" value=\"en_US\" \/><input type=\"hidden\" name=\"_wpcf7_unit_tag\" value=\"wpcf7-f337-o1\" \/><input type=\"hidden\" name=\"_wpcf7_container_post\" value=\"0\" \/><input type=\"hidden\" name=\"_wpcf7_posted_data_hash\" value=\"\" \/><input type=\"hidden\" name=\"_wpcf7_recaptcha_response\" value=\"\" \/>\n<\/fieldset>\n<p><span class=\"wpcf7-form-control-wrap\" data-name=\"your-name\"><input size=\"40\" maxlength=\"400\" class=\"wpcf7-form-control wpcf7-text wpcf7-validates-as-required\" aria-required=\"true\" aria-invalid=\"false\" placeholder=\"{Nombre:}\" value=\"\" type=\"text\" name=\"your-name\" \/><\/span>\n<\/p>\n<p><span class=\"wpcf7-form-control-wrap\" data-name=\"your-email\"><input size=\"40\" maxlength=\"400\" class=\"wpcf7-form-control wpcf7-email wpcf7-validates-as-required wpcf7-text wpcf7-validates-as-email\" aria-required=\"true\" aria-invalid=\"false\" placeholder=\"{Correo electr\u00f3nico:}\" value=\"\" type=\"email\" name=\"your-email\" \/><\/span>\n<\/p>\n<p><span class=\"wpcf7-form-control-wrap\" data-name=\"your-subject\"><input size=\"40\" maxlength=\"400\" class=\"wpcf7-form-control wpcf7-text\" aria-invalid=\"false\" placeholder=\"{Sujeto:}\" value=\"\" type=\"text\" name=\"your-subject\" \/><\/span>\n<\/p>\n<p><span class=\"wpcf7-form-control-wrap\" data-name=\"your-message\"><textarea cols=\"40\" rows=\"10\" maxlength=\"2000\" class=\"wpcf7-form-control wpcf7-textarea\" aria-invalid=\"false\" placeholder=\"{Mensaje:}\" name=\"your-message\"><\/textarea><\/span>\n<\/p>\n<p><input class=\"wpcf7-form-control wpcf7-submit has-spinner button\" type=\"submit\" value=\"{Enviar mensaje}\" \/><br \/>\n\n<\/p><div class=\"wpcf7-response-output\" aria-hidden=\"true\"><\/div>\n<input type=\"hidden\" name=\"trp-form-language\" value=\"es\"\/><\/form>\n<\/div>\n<\/div>\n\t\t\t\t\t\t<\/div>\n\t\t\t\t<\/div>\n\t\t\t\t<\/div>\n\t\t\t\t<\/div>\n\t\t\t\t<\/div>","protected":false},"excerpt":{"rendered":"<p>Tire todas as suas d\u00favidas sobre nossos produtos e venha nos visitar para se encantar. Endere\u00e7o : Rua Julieta Sassi Dreher, 465 Bairro S\u00e3o Jo\u00e3o &#8211; Bento Gon\u00e7alves &#8211; RS&hellip;<\/p>","protected":false},"author":1,"featured_media":0,"parent":0,"menu_order":0,"comment_status":"closed","ping_status":"closed","template":"","meta":{"_acf_changed":false,"_joinchat":[],"footnotes":""},"class_list":["post-336","page","type-page","status-publish","hentry"],"acf":[],"yoast_head":"<!-- This site is optimized with the Yoast SEO plugin v26.9 - https:\/\/yoast.com\/product\/yoast-seo-wordpress\/ -->\n<title>Contato - Ilha Bela Estofados<\/title>\n<meta name=\"robots\" content=\"index, follow, max-snippet:-1, max-image-preview:large, max-video-preview:-1\" \/>\n<link rel=\"canonical\" href=\"https:\/\/ilhabelamoveis.com.br\/es\/contato\/\" \/>\n<meta property=\"og:locale\" content=\"es_ES\" \/>\n<meta property=\"og:type\" content=\"article\" \/>\n<meta property=\"og:title\" content=\"Contato - Ilha Bela Estofados\" \/>\n<meta property=\"og:description\" content=\"Tire todas as suas d\u00favidas sobre nossos produtos e venha nos visitar para se encantar. Endere\u00e7o : Rua Julieta Sassi Dreher, 465 Bairro S\u00e3o Jo\u00e3o &#8211; Bento Gon\u00e7alves &#8211; RS&hellip;\" \/>\n<meta property=\"og:url\" content=\"https:\/\/ilhabelamoveis.com.br\/es\/contato\/\" \/>\n<meta property=\"og:site_name\" content=\"Ilha Bela Estofados\" \/>\n<meta property=\"article:modified_time\" content=\"2025-12-05T11:29:58+00:00\" \/>\n<meta name=\"twitter:card\" content=\"summary_large_image\" \/>\n<meta name=\"twitter:label1\" content=\"Tiempo de lectura\" \/>\n\t<meta name=\"twitter:data1\" content=\"1 minuto\" \/>\n<script type=\"application\/ld+json\" class=\"yoast-schema-graph\">{\"@context\":\"https:\/\/schema.org\",\"@graph\":[{\"@type\":\"WebPage\",\"@id\":\"https:\/\/ilhabelamoveis.com.br\/contato\/\",\"url\":\"https:\/\/ilhabelamoveis.com.br\/contato\/\",\"name\":\"Contato - Ilha Bela Estofados\",\"isPartOf\":{\"@id\":\"https:\/\/ilhabelamoveis.com.br\/#website\"},\"datePublished\":\"2016-08-23T06:28:43+00:00\",\"dateModified\":\"2025-12-05T11:29:58+00:00\",\"breadcrumb\":{\"@id\":\"https:\/\/ilhabelamoveis.com.br\/contato\/#breadcrumb\"},\"inLanguage\":\"es\",\"potentialAction\":[{\"@type\":\"ReadAction\",\"target\":[\"https:\/\/ilhabelamoveis.com.br\/contato\/\"]}]},{\"@type\":\"BreadcrumbList\",\"@id\":\"https:\/\/ilhabelamoveis.com.br\/contato\/#breadcrumb\",\"itemListElement\":[{\"@type\":\"ListItem\",\"position\":1,\"name\":\"In\u00edcio\",\"item\":\"https:\/\/ilhabelamoveis.com.br\/\"},{\"@type\":\"ListItem\",\"position\":2,\"name\":\"Contato\"}]},{\"@type\":\"WebSite\",\"@id\":\"https:\/\/ilhabelamoveis.com.br\/#website\",\"url\":\"https:\/\/ilhabelamoveis.com.br\/\",\"name\":\"Ilha Bela Estofados\",\"description\":\"Um novo olhar, uma nova inspira\u00e7\u00e3o.\",\"publisher\":{\"@id\":\"https:\/\/ilhabelamoveis.com.br\/#organization\"},\"potentialAction\":[{\"@type\":\"SearchAction\",\"target\":{\"@type\":\"EntryPoint\",\"urlTemplate\":\"https:\/\/ilhabelamoveis.com.br\/?s={search_term_string}\"},\"query-input\":{\"@type\":\"PropertyValueSpecification\",\"valueRequired\":true,\"valueName\":\"search_term_string\"}}],\"inLanguage\":\"es\"},{\"@type\":\"Organization\",\"@id\":\"https:\/\/ilhabelamoveis.com.br\/#organization\",\"name\":\"Ilha Bela M\u00f3veis e Estofados\",\"url\":\"https:\/\/ilhabelamoveis.com.br\/\",\"logo\":{\"@type\":\"ImageObject\",\"inLanguage\":\"es\",\"@id\":\"https:\/\/ilhabelamoveis.com.br\/#\/schema\/logo\/image\/\",\"url\":\"https:\/\/ilhabelamoveis.com.br\/wp-content\/uploads\/2018\/03\/logo-dark.png\",\"contentUrl\":\"https:\/\/ilhabelamoveis.com.br\/wp-content\/uploads\/2018\/03\/logo-dark.png\",\"width\":470,\"height\":83,\"caption\":\"Ilha Bela M\u00f3veis e Estofados\"},\"image\":{\"@id\":\"https:\/\/ilhabelamoveis.com.br\/#\/schema\/logo\/image\/\"}}]}<\/script>\n<!-- \/ Yoast SEO plugin. -->","yoast_head_json":{"title":"Contato - Ilha Bela Estofados","robots":{"index":"index","follow":"follow","max-snippet":"max-snippet:-1","max-image-preview":"max-image-preview:large","max-video-preview":"max-video-preview:-1"},"canonical":"https:\/\/ilhabelamoveis.com.br\/es\/contato\/","og_locale":"es_ES","og_type":"article","og_title":"Contato - Ilha Bela Estofados","og_description":"Tire todas as suas d\u00favidas sobre nossos produtos e venha nos visitar para se encantar. Endere\u00e7o : Rua Julieta Sassi Dreher, 465 Bairro S\u00e3o Jo\u00e3o &#8211; Bento Gon\u00e7alves &#8211; RS&hellip;","og_url":"https:\/\/ilhabelamoveis.com.br\/es\/contato\/","og_site_name":"Ilha Bela Estofados","article_modified_time":"2025-12-05T11:29:58+00:00","twitter_card":"summary_large_image","twitter_misc":{"Tiempo de lectura":"1 minuto"},"schema":{"@context":"https:\/\/schema.org","@graph":[{"@type":"WebPage","@id":"https:\/\/ilhabelamoveis.com.br\/contato\/","url":"https:\/\/ilhabelamoveis.com.br\/contato\/","name":"Contato - Ilha Bela Estofados","isPartOf":{"@id":"https:\/\/ilhabelamoveis.com.br\/#website"},"datePublished":"2016-08-23T06:28:43+00:00","dateModified":"2025-12-05T11:29:58+00:00","breadcrumb":{"@id":"https:\/\/ilhabelamoveis.com.br\/contato\/#breadcrumb"},"inLanguage":"es","potentialAction":[{"@type":"ReadAction","target":["https:\/\/ilhabelamoveis.com.br\/contato\/"]}]},{"@type":"BreadcrumbList","@id":"https:\/\/ilhabelamoveis.com.br\/contato\/#breadcrumb","itemListElement":[{"@type":"ListItem","position":1,"name":"In\u00edcio","item":"https:\/\/ilhabelamoveis.com.br\/"},{"@type":"ListItem","position":2,"name":"Contato"}]},{"@type":"WebSite","@id":"https:\/\/ilhabelamoveis.com.br\/#website","url":"https:\/\/ilhabelamoveis.com.br\/","name":"Muebles tapizados Ilha Bela","description":"Una nueva perspectiva, una nueva inspiraci\u00f3n.","publisher":{"@id":"https:\/\/ilhabelamoveis.com.br\/#organization"},"potentialAction":[{"@type":"SearchAction","target":{"@type":"EntryPoint","urlTemplate":"https:\/\/ilhabelamoveis.com.br\/?s={search_term_string}"},"query-input":{"@type":"PropertyValueSpecification","valueRequired":true,"valueName":"search_term_string"}}],"inLanguage":"es"},{"@type":"Organization","@id":"https:\/\/ilhabelamoveis.com.br\/#organization","name":"Ilha Bela M\u00f3veis e Estofados","url":"https:\/\/ilhabelamoveis.com.br\/","logo":{"@type":"ImageObject","inLanguage":"es","@id":"https:\/\/ilhabelamoveis.com.br\/#\/schema\/logo\/image\/","url":"https:\/\/ilhabelamoveis.com.br\/wp-content\/uploads\/2018\/03\/logo-dark.png","contentUrl":"https:\/\/ilhabelamoveis.com.br\/wp-content\/uploads\/2018\/03\/logo-dark.png","width":470,"height":83,"caption":"Ilha Bela M\u00f3veis e Estofados"},"image":{"@id":"https:\/\/ilhabelamoveis.com.br\/#\/schema\/logo\/image\/"}}]}},"_links":{"self":[{"href":"https:\/\/ilhabelamoveis.com.br\/es\/wp-json\/wp\/v2\/pages\/336","targetHints":{"allow":["GET"]}}],"collection":[{"href":"https:\/\/ilhabelamoveis.com.br\/es\/wp-json\/wp\/v2\/pages"}],"about":[{"href":"https:\/\/ilhabelamoveis.com.br\/es\/wp-json\/wp\/v2\/types\/page"}],"author":[{"embeddable":true,"href":"https:\/\/ilhabelamoveis.com.br\/es\/wp-json\/wp\/v2\/users\/1"}],"replies":[{"embeddable":true,"href":"https:\/\/ilhabelamoveis.com.br\/es\/wp-json\/wp\/v2\/comments?post=336"}],"version-history":[{"count":3,"href":"https:\/\/ilhabelamoveis.com.br\/es\/wp-json\/wp\/v2\/pages\/336\/revisions"}],"predecessor-version":[{"id":13816,"href":"https:\/\/ilhabelamoveis.com.br\/es\/wp-json\/wp\/v2\/pages\/336\/revisions\/13816"}],"wp:attachment":[{"href":"https:\/\/ilhabelamoveis.com.br\/es\/wp-json\/wp\/v2\/media?parent=336"}],"curies":[{"name":"wp","href":"https:\/\/api.w.org\/{rel}","templated":true}]}}