{"id":9450,"date":"2022-06-27T21:55:13","date_gmt":"2022-06-28T00:55:13","guid":{"rendered":"https:\/\/ilhabelamoveis.com.br\/?page_id=9450"},"modified":"2022-08-11T23:46:05","modified_gmt":"2022-08-12T02:46:05","slug":"politica-de-privacidade","status":"publish","type":"page","link":"https:\/\/ilhabelamoveis.com.br\/es\/politica-de-privacidade\/","title":{"rendered":"pol\u00edtica de privacidad"},"content":{"rendered":"<h2>pol\u00edtica de privacidad<\/h2>\n<p>Su privacidad es importante para nosotros. La pol\u00edtica de Ilha Bela M\u00f3veis es respetar su privacidad con respecto a cualquier informaci\u00f3n que recopilemos de usted en el sitio web. <a href=\"https:\/\/ilhabelamoveis.com.br\/es\/\">Muebles Ilha Bela<\/a>, y otros sitios web que poseemos y operamos.<\/p>\n<p>Solo solicitamos informaci\u00f3n personal cuando realmente la necesitamos para prestarle un servicio. Lo hacemos de forma justa y legal, con su conocimiento y consentimiento. Tambi\u00e9n le informamos por qu\u00e9 la recopilamos y c\u00f3mo la utilizaremos.<\/p>\n<p>Solo conservamos la informaci\u00f3n recopilada el tiempo necesario para prestar el servicio solicitado. Al almacenar datos, los protegemos con medios comercialmente aceptables para evitar p\u00e9rdidas y robos, as\u00ed como el acceso, la divulgaci\u00f3n, la copia, el uso o la modificaci\u00f3n no autorizados.<\/p>\n<p>No compartimos informaci\u00f3n de identificaci\u00f3n personal p\u00fablicamente ni con terceros, excepto cuando lo exige la ley.<\/p>\n<p>Nuestro sitio web puede contener enlaces a sitios externos que no operamos. Tenga en cuenta que no tenemos control sobre el contenido ni las pr\u00e1cticas de estos sitios y no nos responsabilizamos de sus respectivas pol\u00edticas. <a href=\"https:\/\/politicaprivacidade.com\" target=\"_BLANK\" rel=\"noopener\">pol\u00edticas de privacidad<\/a>.<\/p>\n<p>Usted es libre de rechazar nuestra solicitud de informaci\u00f3n personal, entendiendo que es posible que no podamos brindarle algunos de los servicios que desea.<\/p>\n<p>El uso continuado de nuestro sitio web se considerar\u00e1 como aceptaci\u00f3n de nuestras pr\u00e1cticas con respecto... <a style=\"color: inherit !important; text-decoration: none !important;\" href=\"https:\/\/avisodeprivacidad.info\/\" target=\"_BLANK\" rel=\"noopener\">Aviso de privacidad<\/a>Gestionamos informaci\u00f3n personal. Si tiene alguna pregunta sobre c\u00f3mo gestionamos los datos de los usuarios y la informaci\u00f3n personal, p\u00f3ngase en contacto con nosotros.<\/p>\n<h2>Pol\u00edtica de cookies de Ilha Bela M\u00f3veis<\/h2>\n<h3>\u00bfQu\u00e9 son las cookies?<\/h3>\n<p>Como es habitual en casi todos los sitios web profesionales, este sitio utiliza cookies (peque\u00f1os archivos que se descargan en su ordenador) para mejorar su experiencia. Esta p\u00e1gina describe qu\u00e9 informaci\u00f3n recopilan, c\u00f3mo la utilizamos y por qu\u00e9 a veces necesitamos almacenar estas cookies. Tambi\u00e9n le explicaremos c\u00f3mo puede evitar que se almacenen; sin embargo, esto podr\u00eda reducir o interrumpir la funcionalidad de ciertos elementos del sitio.<\/p>\n<h3>\u00bfC\u00f3mo utilizamos las cookies?<\/h3>\n<p>Utilizamos cookies por diversas razones, que se detallan a continuaci\u00f3n. Lamentablemente, en la mayor\u00eda de los casos, no existen opciones est\u00e1ndar en la industria para deshabilitar las cookies sin desactivar por completo la funcionalidad y las caracter\u00edsticas que a\u00f1aden a este sitio. Se recomienda dejar todas las cookies habilitadas si no est\u00e1 seguro de si las necesita o no, en caso de que se utilicen para prestar un servicio que utiliza.<\/p>\n<h3>Deshabilitar cookies<\/h3>\n<p>Puede evitar la instalaci\u00f3n de cookies configurando su navegador (consulte la Ayuda de su navegador para saber c\u00f3mo hacerlo). Tenga en cuenta que deshabilitar las cookies afectar\u00e1 la funcionalidad de este y muchos otros sitios web que visite. Deshabilitar las cookies generalmente tambi\u00e9n deshabilitar\u00e1 ciertas funciones y caracter\u00edsticas de este sitio. Por lo tanto, se recomienda no deshabilitar las cookies.<\/p>\n<h3>Cookies que configuramos<\/h3>\n<ul>\n<li>Cookies de la cuenta: Si crea una cuenta con nosotros, utilizaremos cookies para gestionar el proceso de registro y la administraci\u00f3n general. Estas cookies generalmente se eliminar\u00e1n al cerrar sesi\u00f3n; sin embargo, en algunos casos, pueden permanecer despu\u00e9s para recordar sus preferencias del sitio al salir.<\/li>\n<li>Cookies de inicio de sesi\u00f3n: Utilizamos cookies cuando inicia sesi\u00f3n para recordar esta acci\u00f3n. Esto evita que tenga que iniciar sesi\u00f3n cada vez que visita una p\u00e1gina nueva. Estas cookies se eliminan o borran al cerrar sesi\u00f3n para garantizar que solo pueda acceder a recursos y \u00e1reas restringidas cuando haya iniciado sesi\u00f3n.<\/li>\n<li>Cookies relacionadas con el env\u00edo de boletines informativos por correo electr\u00f3nico: Este sitio web ofrece servicios de suscripci\u00f3n a boletines informativos o por correo electr\u00f3nico y se pueden utilizar cookies para recordar si ya est\u00e1 registrado y si desea mostrar ciertas notificaciones que solo son v\u00e1lidas para usuarios suscritos\/no suscritos.<\/li>\n<li>Cookies relacionadas con el procesamiento de pedidos: este sitio ofrece facilidades de comercio electr\u00f3nico o de pago y algunas cookies son esenciales para garantizar que su pedido se recuerde entre p\u00e1ginas para que podamos procesarlo correctamente.<\/li>\n<li>Cookies relacionadas con encuestas: Peri\u00f3dicamente, ofrecemos encuestas y cuestionarios para proporcionar informaci\u00f3n interesante, herramientas \u00fatiles o para comprender mejor a nuestros usuarios. Estas encuestas pueden utilizar cookies para recordar qui\u00e9n ya ha participado en una encuesta o para proporcionar resultados precisos tras cambios en la p\u00e1gina.<\/li>\n<li>Cookies relacionadas con formularios: cuando env\u00eda datos a trav\u00e9s de un formulario, como los que se encuentran en las p\u00e1ginas de contacto o formularios de comentarios, se pueden configurar cookies para recordar sus datos de usuario para futura correspondencia.<\/li>\n<li>Cookies de preferencias del sitio web: Para brindarle una excelente experiencia en este sitio, le ofrecemos la posibilidad de configurar sus preferencias sobre el comportamiento del sitio al usarlo. Para recordar sus preferencias, necesitamos configurar cookies para que esta informaci\u00f3n se pueda recuperar cada vez que interact\u00fae con una p\u00e1gina que se vea afectada por sus preferencias.<\/li>\n<\/ul>\n<h3>Cookies de terceros<\/h3>\n<p>En algunos casos especiales, tambi\u00e9n utilizamos cookies proporcionadas por terceros de confianza. La siguiente secci\u00f3n detalla qu\u00e9 cookies de terceros puede encontrar en este sitio web.<\/p>\n<ul>\n<li>Este sitio web utiliza Google Analytics, una de las soluciones de an\u00e1lisis web m\u00e1s extendidas y fiables, para comprender c\u00f3mo utiliza el sitio y c\u00f3mo podemos mejorar su experiencia. Estas cookies pueden registrar datos como el tiempo que pasa en el sitio y las p\u00e1ginas que visita, para que podamos seguir creando contenido atractivo.<\/li>\n<\/ul>\n<p>Para obtener m\u00e1s informaci\u00f3n sobre las cookies de Google Analytics, visita la p\u00e1gina oficial de Google Analytics.<\/p>\n<ul>\n<li>Utilizamos an\u00e1lisis de terceros para rastrear y medir el uso de este sitio y as\u00ed poder seguir creando contenido atractivo. Estas cookies pueden registrar datos como el tiempo que pasa en el sitio o las p\u00e1ginas que visita, lo que nos ayuda a comprender c\u00f3mo podemos mejorar el sitio para usted.<\/li>\n<li>Peri\u00f3dicamente, probamos nuevas funciones y realizamos peque\u00f1os cambios en la presentaci\u00f3n del sitio. Mientras probamos nuevas funciones, podemos usar estas cookies para garantizar una experiencia consistente en el sitio, mientras entendemos qu\u00e9 optimizaciones valoran m\u00e1s nuestros usuarios.<\/li>\n<li>Al vender productos, es importante que comprendamos las estad\u00edsticas sobre cu\u00e1ntos visitantes de nuestro sitio web realizan una compra, y ese es el tipo de datos que estas cookies registrar\u00e1n. Esto es importante para usted, ya que nos permite realizar predicciones comerciales precisas que nos permiten analizar nuestros costos de publicidad y productos para garantizar el mejor precio posible.<\/li>\n<\/ul>\n<h3>Compromiso del usuario<\/h3>\n<p>El usuario se compromete a hacer un uso adecuado del contenido e informaci\u00f3n que Ilha Bela M\u00f3veis ofrece en el sitio web, incluyendo, pero no limitado a:<\/p>\n<ul>\n<li>A) No incurrir en actividades ilegales o contrarias a la buena fe y al orden p\u00fablico;<\/li>\n<li>B) No difundir propaganda o contenidos de car\u00e1cter racista, xen\u00f3fobo, <a style=\"color: inherit !important; text-decoration: none !important;\" href=\"https:\/\/ondeapostar.pt\/onde-da-a-bola\/\">\u00bfA d\u00f3nde va la pelota?<\/a> o mala suerte, cualquier tipo de pornograf\u00eda ilegal, incitaci\u00f3n al terrorismo o contenido que atente contra los derechos humanos;<\/li>\n<li>C) No provocar da\u00f1os en los sistemas f\u00edsicos (hardware) y l\u00f3gicos (software) de Ilha Bela M\u00f3veis, de sus proveedores o de terceros, introducir o difundir en la red virus inform\u00e1ticos o cualesquiera otros sistemas f\u00edsicos o l\u00f3gicos que sean susceptibles de provocar los da\u00f1os anteriormente mencionados.<\/li>\n<\/ul>\n<h3>M\u00e1s informaci\u00f3n<\/h3>\n<p>Esperamos que esto est\u00e9 claro y, como se mencion\u00f3 anteriormente, si hay algo que no est\u00e1 seguro si necesita o no, generalmente es m\u00e1s seguro dejar las cookies habilitadas en caso de que interact\u00fae con una de las funciones que utiliza en nuestro sitio web.<\/p>\n<p>Esta pol\u00edtica entra en vigor a partir de <strong>Junio<\/strong>\/<strong>2022<\/strong>.<\/p>","protected":false},"excerpt":{"rendered":"<p>Pol\u00edtica Privacidade A sua privacidade \u00e9 importante para n\u00f3s. \u00c9 pol\u00edtica do Ilha Bela M\u00f3veis respeitar a sua privacidade em rela\u00e7\u00e3o a qualquer informa\u00e7\u00e3o sua que possamos coletar no site&hellip;<\/p>","protected":false},"author":1,"featured_media":0,"parent":0,"menu_order":0,"comment_status":"closed","ping_status":"closed","template":"","meta":{"_acf_changed":false,"_joinchat":[],"footnotes":""},"class_list":["post-9450","page","type-page","status-publish","hentry"],"acf":[],"yoast_head":"<!-- This site is optimized with the Yoast SEO plugin v26.9 - https:\/\/yoast.com\/product\/yoast-seo-wordpress\/ -->\n<title>Pol\u00edtica de Privacidade - Ilha Bela Estofados<\/title>\n<meta name=\"robots\" content=\"index, follow, max-snippet:-1, max-image-preview:large, max-video-preview:-1\" \/>\n<link rel=\"canonical\" href=\"https:\/\/ilhabelamoveis.com.br\/es\/politica-de-privacidade\/\" \/>\n<meta property=\"og:locale\" content=\"es_ES\" \/>\n<meta property=\"og:type\" content=\"article\" \/>\n<meta property=\"og:title\" content=\"Pol\u00edtica de Privacidade - Ilha Bela Estofados\" \/>\n<meta property=\"og:description\" content=\"Pol\u00edtica Privacidade A sua privacidade \u00e9 importante para n\u00f3s. \u00c9 pol\u00edtica do Ilha Bela M\u00f3veis respeitar a sua privacidade em rela\u00e7\u00e3o a qualquer informa\u00e7\u00e3o sua que possamos coletar no site&hellip;\" \/>\n<meta property=\"og:url\" content=\"https:\/\/ilhabelamoveis.com.br\/es\/politica-de-privacidade\/\" \/>\n<meta property=\"og:site_name\" content=\"Ilha Bela Estofados\" \/>\n<meta property=\"article:modified_time\" content=\"2022-08-12T02:46:05+00:00\" \/>\n<meta name=\"twitter:card\" content=\"summary_large_image\" \/>\n<meta name=\"twitter:label1\" content=\"Tiempo de lectura\" \/>\n\t<meta name=\"twitter:data1\" content=\"7 minutos\" \/>\n<script type=\"application\/ld+json\" class=\"yoast-schema-graph\">{\"@context\":\"https:\/\/schema.org\",\"@graph\":[{\"@type\":\"WebPage\",\"@id\":\"https:\/\/ilhabelamoveis.com.br\/politica-de-privacidade\/\",\"url\":\"https:\/\/ilhabelamoveis.com.br\/politica-de-privacidade\/\",\"name\":\"Pol\u00edtica de Privacidade - Ilha Bela Estofados\",\"isPartOf\":{\"@id\":\"https:\/\/ilhabelamoveis.com.br\/#website\"},\"datePublished\":\"2022-06-28T00:55:13+00:00\",\"dateModified\":\"2022-08-12T02:46:05+00:00\",\"breadcrumb\":{\"@id\":\"https:\/\/ilhabelamoveis.com.br\/politica-de-privacidade\/#breadcrumb\"},\"inLanguage\":\"es\",\"potentialAction\":[{\"@type\":\"ReadAction\",\"target\":[\"https:\/\/ilhabelamoveis.com.br\/politica-de-privacidade\/\"]}]},{\"@type\":\"BreadcrumbList\",\"@id\":\"https:\/\/ilhabelamoveis.com.br\/politica-de-privacidade\/#breadcrumb\",\"itemListElement\":[{\"@type\":\"ListItem\",\"position\":1,\"name\":\"In\u00edcio\",\"item\":\"https:\/\/ilhabelamoveis.com.br\/\"},{\"@type\":\"ListItem\",\"position\":2,\"name\":\"Pol\u00edtica de Privacidade\"}]},{\"@type\":\"WebSite\",\"@id\":\"https:\/\/ilhabelamoveis.com.br\/#website\",\"url\":\"https:\/\/ilhabelamoveis.com.br\/\",\"name\":\"Ilha Bela Estofados\",\"description\":\"Um novo olhar, uma nova inspira\u00e7\u00e3o.\",\"publisher\":{\"@id\":\"https:\/\/ilhabelamoveis.com.br\/#organization\"},\"potentialAction\":[{\"@type\":\"SearchAction\",\"target\":{\"@type\":\"EntryPoint\",\"urlTemplate\":\"https:\/\/ilhabelamoveis.com.br\/?s={search_term_string}\"},\"query-input\":{\"@type\":\"PropertyValueSpecification\",\"valueRequired\":true,\"valueName\":\"search_term_string\"}}],\"inLanguage\":\"es\"},{\"@type\":\"Organization\",\"@id\":\"https:\/\/ilhabelamoveis.com.br\/#organization\",\"name\":\"Ilha Bela M\u00f3veis e Estofados\",\"url\":\"https:\/\/ilhabelamoveis.com.br\/\",\"logo\":{\"@type\":\"ImageObject\",\"inLanguage\":\"es\",\"@id\":\"https:\/\/ilhabelamoveis.com.br\/#\/schema\/logo\/image\/\",\"url\":\"https:\/\/ilhabelamoveis.com.br\/wp-content\/uploads\/2018\/03\/logo-dark.png\",\"contentUrl\":\"https:\/\/ilhabelamoveis.com.br\/wp-content\/uploads\/2018\/03\/logo-dark.png\",\"width\":470,\"height\":83,\"caption\":\"Ilha Bela M\u00f3veis e Estofados\"},\"image\":{\"@id\":\"https:\/\/ilhabelamoveis.com.br\/#\/schema\/logo\/image\/\"}}]}<\/script>\n<!-- \/ Yoast SEO plugin. -->","yoast_head_json":{"title":"Pol\u00edtica de Privacidade - Ilha Bela Estofados","robots":{"index":"index","follow":"follow","max-snippet":"max-snippet:-1","max-image-preview":"max-image-preview:large","max-video-preview":"max-video-preview:-1"},"canonical":"https:\/\/ilhabelamoveis.com.br\/es\/politica-de-privacidade\/","og_locale":"es_ES","og_type":"article","og_title":"Pol\u00edtica de Privacidade - Ilha Bela Estofados","og_description":"Pol\u00edtica Privacidade A sua privacidade \u00e9 importante para n\u00f3s. \u00c9 pol\u00edtica do Ilha Bela M\u00f3veis respeitar a sua privacidade em rela\u00e7\u00e3o a qualquer informa\u00e7\u00e3o sua que possamos coletar no site&hellip;","og_url":"https:\/\/ilhabelamoveis.com.br\/es\/politica-de-privacidade\/","og_site_name":"Ilha Bela Estofados","article_modified_time":"2022-08-12T02:46:05+00:00","twitter_card":"summary_large_image","twitter_misc":{"Tiempo de lectura":"7 minutos"},"schema":{"@context":"https:\/\/schema.org","@graph":[{"@type":"WebPage","@id":"https:\/\/ilhabelamoveis.com.br\/politica-de-privacidade\/","url":"https:\/\/ilhabelamoveis.com.br\/politica-de-privacidade\/","name":"Pol\u00edtica de Privacidade - Ilha Bela Estofados","isPartOf":{"@id":"https:\/\/ilhabelamoveis.com.br\/#website"},"datePublished":"2022-06-28T00:55:13+00:00","dateModified":"2022-08-12T02:46:05+00:00","breadcrumb":{"@id":"https:\/\/ilhabelamoveis.com.br\/politica-de-privacidade\/#breadcrumb"},"inLanguage":"es","potentialAction":[{"@type":"ReadAction","target":["https:\/\/ilhabelamoveis.com.br\/politica-de-privacidade\/"]}]},{"@type":"BreadcrumbList","@id":"https:\/\/ilhabelamoveis.com.br\/politica-de-privacidade\/#breadcrumb","itemListElement":[{"@type":"ListItem","position":1,"name":"In\u00edcio","item":"https:\/\/ilhabelamoveis.com.br\/"},{"@type":"ListItem","position":2,"name":"Pol\u00edtica de Privacidade"}]},{"@type":"WebSite","@id":"https:\/\/ilhabelamoveis.com.br\/#website","url":"https:\/\/ilhabelamoveis.com.br\/","name":"Muebles tapizados Ilha Bela","description":"Una nueva perspectiva, una nueva inspiraci\u00f3n.","publisher":{"@id":"https:\/\/ilhabelamoveis.com.br\/#organization"},"potentialAction":[{"@type":"SearchAction","target":{"@type":"EntryPoint","urlTemplate":"https:\/\/ilhabelamoveis.com.br\/?s={search_term_string}"},"query-input":{"@type":"PropertyValueSpecification","valueRequired":true,"valueName":"search_term_string"}}],"inLanguage":"es"},{"@type":"Organization","@id":"https:\/\/ilhabelamoveis.com.br\/#organization","name":"Ilha Bela M\u00f3veis e Estofados","url":"https:\/\/ilhabelamoveis.com.br\/","logo":{"@type":"ImageObject","inLanguage":"es","@id":"https:\/\/ilhabelamoveis.com.br\/#\/schema\/logo\/image\/","url":"https:\/\/ilhabelamoveis.com.br\/wp-content\/uploads\/2018\/03\/logo-dark.png","contentUrl":"https:\/\/ilhabelamoveis.com.br\/wp-content\/uploads\/2018\/03\/logo-dark.png","width":470,"height":83,"caption":"Ilha Bela M\u00f3veis e Estofados"},"image":{"@id":"https:\/\/ilhabelamoveis.com.br\/#\/schema\/logo\/image\/"}}]}},"_links":{"self":[{"href":"https:\/\/ilhabelamoveis.com.br\/es\/wp-json\/wp\/v2\/pages\/9450","targetHints":{"allow":["GET"]}}],"collection":[{"href":"https:\/\/ilhabelamoveis.com.br\/es\/wp-json\/wp\/v2\/pages"}],"about":[{"href":"https:\/\/ilhabelamoveis.com.br\/es\/wp-json\/wp\/v2\/types\/page"}],"author":[{"embeddable":true,"href":"https:\/\/ilhabelamoveis.com.br\/es\/wp-json\/wp\/v2\/users\/1"}],"replies":[{"embeddable":true,"href":"https:\/\/ilhabelamoveis.com.br\/es\/wp-json\/wp\/v2\/comments?post=9450"}],"version-history":[{"count":0,"href":"https:\/\/ilhabelamoveis.com.br\/es\/wp-json\/wp\/v2\/pages\/9450\/revisions"}],"wp:attachment":[{"href":"https:\/\/ilhabelamoveis.com.br\/es\/wp-json\/wp\/v2\/media?parent=9450"}],"curies":[{"name":"wp","href":"https:\/\/api.w.org\/{rel}","templated":true}]}}