{"id":2862,"date":"2018-03-30T10:15:42","date_gmt":"2018-03-30T13:15:42","guid":{"rendered":"https:\/\/ilhabelamoveis.com.br\/?post_type=product&#038;p=2862"},"modified":"2025-07-26T11:29:52","modified_gmt":"2025-07-26T14:29:52","slug":"ib513-brava","status":"publish","type":"product","link":"https:\/\/ilhabelamoveis.com.br\/es\/producto\/ib513-brava\/","title":{"rendered":"<span class=\"trp-no-translate\">Sof\u00e1 Brava<\/span>"},"content":{"rendered":"<p>IB513 \u2013 Sof\u00e1 fijo modular Brava para sala de estar<\/p>\n<p>Dimensiones: An. x Al. x Pr.<\/p>\n<p>M\u00f3dulos rectos:<\/p>\n<p>80 x 77 x 82 cm<\/p>\n<p>90 x 77 x 82 cm<\/p>\n<p>100 x 77 x 82 cm<\/p>\n<p>110 x 77 x 82 cm<\/p>\n<p>120 x 77 x 82 cm<\/p>\n<p>M\u00f3dulos angulares: 120 x 77 x 96 cm<br \/>\n\u00c1ngulo recto: 82 x 77 x 82 cm<\/p>\n<p>Nota: Los asientos de esquina vienen con 3 cojines decorativos.<\/p>","protected":false},"excerpt":{"rendered":"<p>IB513 &#8211; Sof\u00e1 fixo living modular Brava Dimens\u00f5es: L x A x P M\u00f3dulos retos: 80 X 77 X 82cm 90 X 77 X 82cm 100 X 77 X 82cm&hellip;<\/p>","protected":false},"featured_media":13283,"comment_status":"open","ping_status":"closed","template":"","meta":{"_acf_changed":false,"_joinchat":[]},"pwb-brand":[],"product_brand":[],"product_cat":[59,82],"product_tag":[],"class_list":{"0":"post-2862","1":"product","2":"type-product","3":"status-publish","4":"has-post-thumbnail","6":"product_cat-todos","7":"product_cat-sofas-fixos","9":"first","10":"instock","11":"shipping-taxable","12":"product-type-simple","13":"layout-style-1","14":"col-md-4 col-sm-4 col-xs-6","15":"col-lg-3","16":"product-has-gallery","17":"product-style-default"},"acf":[],"yoast_head":"<!-- This site is optimized with the Yoast SEO plugin v26.9 - https:\/\/yoast.com\/product\/yoast-seo-wordpress\/ -->\n<title>Sof\u00e1 Brava - Ilha Bela Estofados<\/title>\n<meta name=\"robots\" content=\"index, follow, max-snippet:-1, max-image-preview:large, max-video-preview:-1\" \/>\n<link rel=\"canonical\" href=\"https:\/\/ilhabelamoveis.com.br\/es\/producto\/ib513-brava\/\" \/>\n<meta property=\"og:locale\" content=\"es_ES\" \/>\n<meta property=\"og:type\" content=\"article\" \/>\n<meta property=\"og:title\" content=\"Sof\u00e1 Brava - Ilha Bela Estofados\" \/>\n<meta property=\"og:description\" content=\"IB513 &#8211; Sof\u00e1 fixo living modular Brava Dimens\u00f5es: L x A x P M\u00f3dulos retos: 80 X 77 X 82cm 90 X 77 X 82cm 100 X 77 X 82cm&hellip;\" \/>\n<meta property=\"og:url\" content=\"https:\/\/ilhabelamoveis.com.br\/es\/producto\/ib513-brava\/\" \/>\n<meta property=\"og:site_name\" content=\"Ilha Bela Estofados\" \/>\n<meta property=\"article:modified_time\" content=\"2025-07-26T14:29:52+00:00\" \/>\n<meta property=\"og:image\" content=\"https:\/\/ilhabelamoveis.com.br\/wp-content\/uploads\/2018\/03\/BRAVA-2.webp\" \/>\n\t<meta property=\"og:image:width\" content=\"1543\" \/>\n\t<meta property=\"og:image:height\" content=\"980\" \/>\n\t<meta property=\"og:image:type\" content=\"image\/webp\" \/>\n<meta name=\"twitter:card\" content=\"summary_large_image\" \/>\n<meta name=\"twitter:label1\" content=\"Tiempo de lectura\" \/>\n\t<meta name=\"twitter:data1\" content=\"1 minuto\" \/>\n<script type=\"application\/ld+json\" class=\"yoast-schema-graph\">{\"@context\":\"https:\/\/schema.org\",\"@graph\":[{\"@type\":\"WebPage\",\"@id\":\"https:\/\/ilhabelamoveis.com.br\/produto\/ib513-brava\/\",\"url\":\"https:\/\/ilhabelamoveis.com.br\/produto\/ib513-brava\/\",\"name\":\"Sof\u00e1 Brava - Ilha Bela Estofados\",\"isPartOf\":{\"@id\":\"https:\/\/ilhabelamoveis.com.br\/#website\"},\"primaryImageOfPage\":{\"@id\":\"https:\/\/ilhabelamoveis.com.br\/produto\/ib513-brava\/#primaryimage\"},\"image\":{\"@id\":\"https:\/\/ilhabelamoveis.com.br\/produto\/ib513-brava\/#primaryimage\"},\"thumbnailUrl\":\"https:\/\/ilhabelamoveis.com.br\/wp-content\/uploads\/2018\/03\/BRAVA-2.webp\",\"datePublished\":\"2018-03-30T13:15:42+00:00\",\"dateModified\":\"2025-07-26T14:29:52+00:00\",\"breadcrumb\":{\"@id\":\"https:\/\/ilhabelamoveis.com.br\/produto\/ib513-brava\/#breadcrumb\"},\"inLanguage\":\"es\",\"potentialAction\":[{\"@type\":\"ReadAction\",\"target\":[\"https:\/\/ilhabelamoveis.com.br\/produto\/ib513-brava\/\"]}]},{\"@type\":\"ImageObject\",\"inLanguage\":\"es\",\"@id\":\"https:\/\/ilhabelamoveis.com.br\/produto\/ib513-brava\/#primaryimage\",\"url\":\"https:\/\/ilhabelamoveis.com.br\/wp-content\/uploads\/2018\/03\/BRAVA-2.webp\",\"contentUrl\":\"https:\/\/ilhabelamoveis.com.br\/wp-content\/uploads\/2018\/03\/BRAVA-2.webp\",\"width\":1543,\"height\":980},{\"@type\":\"BreadcrumbList\",\"@id\":\"https:\/\/ilhabelamoveis.com.br\/produto\/ib513-brava\/#breadcrumb\",\"itemListElement\":[{\"@type\":\"ListItem\",\"position\":1,\"name\":\"In\u00edcio\",\"item\":\"https:\/\/ilhabelamoveis.com.br\/\"},{\"@type\":\"ListItem\",\"position\":2,\"name\":\"Produtos\",\"item\":\"https:\/\/ilhabelamoveis.com.br\/todos-produtos\/\"},{\"@type\":\"ListItem\",\"position\":3,\"name\":\"Sof\u00e1 Brava\"}]},{\"@type\":\"WebSite\",\"@id\":\"https:\/\/ilhabelamoveis.com.br\/#website\",\"url\":\"https:\/\/ilhabelamoveis.com.br\/\",\"name\":\"Ilha Bela Estofados\",\"description\":\"Um novo olhar, uma nova inspira\u00e7\u00e3o.\",\"publisher\":{\"@id\":\"https:\/\/ilhabelamoveis.com.br\/#organization\"},\"potentialAction\":[{\"@type\":\"SearchAction\",\"target\":{\"@type\":\"EntryPoint\",\"urlTemplate\":\"https:\/\/ilhabelamoveis.com.br\/?s={search_term_string}\"},\"query-input\":{\"@type\":\"PropertyValueSpecification\",\"valueRequired\":true,\"valueName\":\"search_term_string\"}}],\"inLanguage\":\"es\"},{\"@type\":\"Organization\",\"@id\":\"https:\/\/ilhabelamoveis.com.br\/#organization\",\"name\":\"Ilha Bela M\u00f3veis e Estofados\",\"url\":\"https:\/\/ilhabelamoveis.com.br\/\",\"logo\":{\"@type\":\"ImageObject\",\"inLanguage\":\"es\",\"@id\":\"https:\/\/ilhabelamoveis.com.br\/#\/schema\/logo\/image\/\",\"url\":\"https:\/\/ilhabelamoveis.com.br\/wp-content\/uploads\/2018\/03\/logo-dark.png\",\"contentUrl\":\"https:\/\/ilhabelamoveis.com.br\/wp-content\/uploads\/2018\/03\/logo-dark.png\",\"width\":470,\"height\":83,\"caption\":\"Ilha Bela M\u00f3veis e Estofados\"},\"image\":{\"@id\":\"https:\/\/ilhabelamoveis.com.br\/#\/schema\/logo\/image\/\"}}]}<\/script>\n<!-- \/ Yoast SEO plugin. -->","yoast_head_json":{"title":"Sof\u00e1 Brava - Ilha Bela Estofados","robots":{"index":"index","follow":"follow","max-snippet":"max-snippet:-1","max-image-preview":"max-image-preview:large","max-video-preview":"max-video-preview:-1"},"canonical":"https:\/\/ilhabelamoveis.com.br\/es\/producto\/ib513-brava\/","og_locale":"es_ES","og_type":"article","og_title":"Sof\u00e1 Brava - Ilha Bela Estofados","og_description":"IB513 &#8211; Sof\u00e1 fixo living modular Brava Dimens\u00f5es: L x A x P M\u00f3dulos retos: 80 X 77 X 82cm 90 X 77 X 82cm 100 X 77 X 82cm&hellip;","og_url":"https:\/\/ilhabelamoveis.com.br\/es\/producto\/ib513-brava\/","og_site_name":"Ilha Bela Estofados","article_modified_time":"2025-07-26T14:29:52+00:00","og_image":[{"width":1543,"height":980,"url":"https:\/\/ilhabelamoveis.com.br\/wp-content\/uploads\/2018\/03\/BRAVA-2.webp","type":"image\/webp"}],"twitter_card":"summary_large_image","twitter_misc":{"Tiempo de lectura":"1 minuto"},"schema":{"@context":"https:\/\/schema.org","@graph":[{"@type":"WebPage","@id":"https:\/\/ilhabelamoveis.com.br\/produto\/ib513-brava\/","url":"https:\/\/ilhabelamoveis.com.br\/produto\/ib513-brava\/","name":"Sof\u00e1 Brava - Ilha Bela Estofados","isPartOf":{"@id":"https:\/\/ilhabelamoveis.com.br\/#website"},"primaryImageOfPage":{"@id":"https:\/\/ilhabelamoveis.com.br\/produto\/ib513-brava\/#primaryimage"},"image":{"@id":"https:\/\/ilhabelamoveis.com.br\/produto\/ib513-brava\/#primaryimage"},"thumbnailUrl":"https:\/\/ilhabelamoveis.com.br\/wp-content\/uploads\/2018\/03\/BRAVA-2.webp","datePublished":"2018-03-30T13:15:42+00:00","dateModified":"2025-07-26T14:29:52+00:00","breadcrumb":{"@id":"https:\/\/ilhabelamoveis.com.br\/produto\/ib513-brava\/#breadcrumb"},"inLanguage":"es","potentialAction":[{"@type":"ReadAction","target":["https:\/\/ilhabelamoveis.com.br\/produto\/ib513-brava\/"]}]},{"@type":"ImageObject","inLanguage":"es","@id":"https:\/\/ilhabelamoveis.com.br\/produto\/ib513-brava\/#primaryimage","url":"https:\/\/ilhabelamoveis.com.br\/wp-content\/uploads\/2018\/03\/BRAVA-2.webp","contentUrl":"https:\/\/ilhabelamoveis.com.br\/wp-content\/uploads\/2018\/03\/BRAVA-2.webp","width":1543,"height":980},{"@type":"BreadcrumbList","@id":"https:\/\/ilhabelamoveis.com.br\/produto\/ib513-brava\/#breadcrumb","itemListElement":[{"@type":"ListItem","position":1,"name":"In\u00edcio","item":"https:\/\/ilhabelamoveis.com.br\/"},{"@type":"ListItem","position":2,"name":"Produtos","item":"https:\/\/ilhabelamoveis.com.br\/todos-produtos\/"},{"@type":"ListItem","position":3,"name":"Sof\u00e1 Brava"}]},{"@type":"WebSite","@id":"https:\/\/ilhabelamoveis.com.br\/#website","url":"https:\/\/ilhabelamoveis.com.br\/","name":"Muebles tapizados Ilha Bela","description":"Una nueva perspectiva, una nueva inspiraci\u00f3n.","publisher":{"@id":"https:\/\/ilhabelamoveis.com.br\/#organization"},"potentialAction":[{"@type":"SearchAction","target":{"@type":"EntryPoint","urlTemplate":"https:\/\/ilhabelamoveis.com.br\/?s={search_term_string}"},"query-input":{"@type":"PropertyValueSpecification","valueRequired":true,"valueName":"search_term_string"}}],"inLanguage":"es"},{"@type":"Organization","@id":"https:\/\/ilhabelamoveis.com.br\/#organization","name":"Ilha Bela M\u00f3veis e Estofados","url":"https:\/\/ilhabelamoveis.com.br\/","logo":{"@type":"ImageObject","inLanguage":"es","@id":"https:\/\/ilhabelamoveis.com.br\/#\/schema\/logo\/image\/","url":"https:\/\/ilhabelamoveis.com.br\/wp-content\/uploads\/2018\/03\/logo-dark.png","contentUrl":"https:\/\/ilhabelamoveis.com.br\/wp-content\/uploads\/2018\/03\/logo-dark.png","width":470,"height":83,"caption":"Ilha Bela M\u00f3veis e Estofados"},"image":{"@id":"https:\/\/ilhabelamoveis.com.br\/#\/schema\/logo\/image\/"}}]}},"brands":[],"_links":{"self":[{"href":"https:\/\/ilhabelamoveis.com.br\/es\/wp-json\/wp\/v2\/product\/2862","targetHints":{"allow":["GET"]}}],"collection":[{"href":"https:\/\/ilhabelamoveis.com.br\/es\/wp-json\/wp\/v2\/product"}],"about":[{"href":"https:\/\/ilhabelamoveis.com.br\/es\/wp-json\/wp\/v2\/types\/product"}],"replies":[{"embeddable":true,"href":"https:\/\/ilhabelamoveis.com.br\/es\/wp-json\/wp\/v2\/comments?post=2862"}],"wp:featuredmedia":[{"embeddable":true,"href":"https:\/\/ilhabelamoveis.com.br\/es\/wp-json\/wp\/v2\/media\/13283"}],"wp:attachment":[{"href":"https:\/\/ilhabelamoveis.com.br\/es\/wp-json\/wp\/v2\/media?parent=2862"}],"wp:term":[{"taxonomy":"pwb-brand","embeddable":true,"href":"https:\/\/ilhabelamoveis.com.br\/es\/wp-json\/wp\/v2\/pwb-brand?post=2862"},{"taxonomy":"product_brand","embeddable":true,"href":"https:\/\/ilhabelamoveis.com.br\/es\/wp-json\/wp\/v2\/product_brand?post=2862"},{"taxonomy":"product_cat","embeddable":true,"href":"https:\/\/ilhabelamoveis.com.br\/es\/wp-json\/wp\/v2\/product_cat?post=2862"},{"taxonomy":"product_tag","embeddable":true,"href":"https:\/\/ilhabelamoveis.com.br\/es\/wp-json\/wp\/v2\/product_tag?post=2862"}],"curies":[{"name":"wp","href":"https:\/\/api.w.org\/{rel}","templated":true}]}}