{"id":8298,"date":"2021-08-16T13:51:54","date_gmt":"2021-08-16T16:51:54","guid":{"rendered":"https:\/\/ilhabelamoveis.com.br\/?post_type=product&#038;p=8298"},"modified":"2025-11-13T13:58:59","modified_gmt":"2025-11-13T16:58:59","slug":"ib667-family","status":"publish","type":"product","link":"https:\/\/ilhabelamoveis.com.br\/es\/producto\/ib667-family\/","title":{"rendered":"<span class=\"trp-no-translate\">Sof\u00e1 familiar<\/span>"},"content":{"rendered":"<p>IB667 \u2013 Sof\u00e1 fijo modular para sala de estar familiar<\/p>\n<p>ANCHO DE M\u00d3DULOS RECTOS: 80 | 90 | 100 | 110 | 120 CM<br \/>\nPROFUNDIDAD DEL M\u00d3DULO: 98 CM<br \/>\nALTURA TOTAL DE LOS M\u00d3DULOS: 69 CM<\/p>\n<p>Ancho del puf: 80 | 90 | 100 | 110 | 120 cm<br \/>\nPROFUNDIDAD DEL PUF: 70 CM<br \/>\nAltura total del puf: 40 cm<\/p>\n<p>DIMENSIONES: An. x Al. x Pr.<br \/>\nBRAZO: 25 x 50 x 98 CM<br \/>\n40 x 50 x 98 cm<br \/>\nESQUINA RECTA: 98 x 69 x 98 CM<br \/>\nCHAISE RINC\u00d3N: 200 x 69 x 98 CM<br \/>\nSILLON: 200 x 69 x 98 CM<br \/>\nALTURA DEL ASIENTO: 40 CM<br \/>\nASIENTO LIBRE: 60 CM<\/p>","protected":false},"excerpt":{"rendered":"<p>IB667 &#8211; Sof\u00e1 fixo living modular Family LARGURA M\u00d3DULOS RETOS: 80 | 90 | 100 | 110 | 120 CM PROFUNDIDADE M\u00d3DULOS: 98 CM ALTURA TOTAL M\u00d3DULOS: 69 CM LARGURA&hellip;<\/p>","protected":false},"featured_media":8299,"comment_status":"open","ping_status":"closed","template":"","meta":{"_acf_changed":false,"_joinchat":[]},"pwb-brand":[],"product_brand":[],"product_cat":[59,82],"product_tag":[],"class_list":{"0":"post-8298","1":"product","2":"type-product","3":"status-publish","4":"has-post-thumbnail","6":"product_cat-todos","7":"product_cat-sofas-fixos","9":"first","10":"instock","11":"shipping-taxable","12":"product-type-simple","13":"layout-style-1","14":"col-md-4 col-sm-4 col-xs-6","15":"col-lg-3","16":"product-has-gallery","17":"product-style-default"},"acf":[],"yoast_head":"<!-- This site is optimized with the Yoast SEO plugin v26.9 - https:\/\/yoast.com\/product\/yoast-seo-wordpress\/ -->\n<title>Sof\u00e1 Family - Ilha Bela Estofados<\/title>\n<meta name=\"robots\" content=\"index, follow, max-snippet:-1, max-image-preview:large, max-video-preview:-1\" \/>\n<link rel=\"canonical\" href=\"https:\/\/ilhabelamoveis.com.br\/es\/producto\/ib667-family\/\" \/>\n<meta property=\"og:locale\" content=\"es_ES\" \/>\n<meta property=\"og:type\" content=\"article\" \/>\n<meta property=\"og:title\" content=\"Sof\u00e1 Family - Ilha Bela Estofados\" \/>\n<meta property=\"og:description\" content=\"IB667 &#8211; Sof\u00e1 fixo living modular Family LARGURA M\u00d3DULOS RETOS: 80 | 90 | 100 | 110 | 120 CM PROFUNDIDADE M\u00d3DULOS: 98 CM ALTURA TOTAL M\u00d3DULOS: 69 CM LARGURA&hellip;\" \/>\n<meta property=\"og:url\" content=\"https:\/\/ilhabelamoveis.com.br\/es\/producto\/ib667-family\/\" \/>\n<meta property=\"og:site_name\" content=\"Ilha Bela Estofados\" \/>\n<meta property=\"article:modified_time\" content=\"2025-11-13T16:58:59+00:00\" \/>\n<meta property=\"og:image\" content=\"https:\/\/ilhabelamoveis.com.br\/wp-content\/uploads\/2021\/08\/Ilha-Bela-785-copiar-2-scaled.jpg\" \/>\n\t<meta property=\"og:image:width\" content=\"2560\" \/>\n\t<meta property=\"og:image:height\" content=\"1709\" \/>\n\t<meta property=\"og:image:type\" content=\"image\/jpeg\" \/>\n<meta name=\"twitter:card\" content=\"summary_large_image\" \/>\n<meta name=\"twitter:label1\" content=\"Tiempo de lectura\" \/>\n\t<meta name=\"twitter:data1\" content=\"1 minuto\" \/>\n<script type=\"application\/ld+json\" class=\"yoast-schema-graph\">{\"@context\":\"https:\/\/schema.org\",\"@graph\":[{\"@type\":\"WebPage\",\"@id\":\"https:\/\/ilhabelamoveis.com.br\/produto\/ib667-family\/\",\"url\":\"https:\/\/ilhabelamoveis.com.br\/produto\/ib667-family\/\",\"name\":\"Sof\u00e1 Family - Ilha Bela Estofados\",\"isPartOf\":{\"@id\":\"https:\/\/ilhabelamoveis.com.br\/#website\"},\"primaryImageOfPage\":{\"@id\":\"https:\/\/ilhabelamoveis.com.br\/produto\/ib667-family\/#primaryimage\"},\"image\":{\"@id\":\"https:\/\/ilhabelamoveis.com.br\/produto\/ib667-family\/#primaryimage\"},\"thumbnailUrl\":\"https:\/\/ilhabelamoveis.com.br\/wp-content\/uploads\/2021\/08\/Ilha-Bela-785-copiar-2-scaled.jpg\",\"datePublished\":\"2021-08-16T16:51:54+00:00\",\"dateModified\":\"2025-11-13T16:58:59+00:00\",\"breadcrumb\":{\"@id\":\"https:\/\/ilhabelamoveis.com.br\/produto\/ib667-family\/#breadcrumb\"},\"inLanguage\":\"es\",\"potentialAction\":[{\"@type\":\"ReadAction\",\"target\":[\"https:\/\/ilhabelamoveis.com.br\/produto\/ib667-family\/\"]}]},{\"@type\":\"ImageObject\",\"inLanguage\":\"es\",\"@id\":\"https:\/\/ilhabelamoveis.com.br\/produto\/ib667-family\/#primaryimage\",\"url\":\"https:\/\/ilhabelamoveis.com.br\/wp-content\/uploads\/2021\/08\/Ilha-Bela-785-copiar-2-scaled.jpg\",\"contentUrl\":\"https:\/\/ilhabelamoveis.com.br\/wp-content\/uploads\/2021\/08\/Ilha-Bela-785-copiar-2-scaled.jpg\",\"width\":2560,\"height\":1709},{\"@type\":\"BreadcrumbList\",\"@id\":\"https:\/\/ilhabelamoveis.com.br\/produto\/ib667-family\/#breadcrumb\",\"itemListElement\":[{\"@type\":\"ListItem\",\"position\":1,\"name\":\"In\u00edcio\",\"item\":\"https:\/\/ilhabelamoveis.com.br\/\"},{\"@type\":\"ListItem\",\"position\":2,\"name\":\"Produtos\",\"item\":\"https:\/\/ilhabelamoveis.com.br\/todos-produtos\/\"},{\"@type\":\"ListItem\",\"position\":3,\"name\":\"Sof\u00e1 Family\"}]},{\"@type\":\"WebSite\",\"@id\":\"https:\/\/ilhabelamoveis.com.br\/#website\",\"url\":\"https:\/\/ilhabelamoveis.com.br\/\",\"name\":\"Ilha Bela Estofados\",\"description\":\"Um novo olhar, uma nova inspira\u00e7\u00e3o.\",\"publisher\":{\"@id\":\"https:\/\/ilhabelamoveis.com.br\/#organization\"},\"potentialAction\":[{\"@type\":\"SearchAction\",\"target\":{\"@type\":\"EntryPoint\",\"urlTemplate\":\"https:\/\/ilhabelamoveis.com.br\/?s={search_term_string}\"},\"query-input\":{\"@type\":\"PropertyValueSpecification\",\"valueRequired\":true,\"valueName\":\"search_term_string\"}}],\"inLanguage\":\"es\"},{\"@type\":\"Organization\",\"@id\":\"https:\/\/ilhabelamoveis.com.br\/#organization\",\"name\":\"Ilha Bela M\u00f3veis e Estofados\",\"url\":\"https:\/\/ilhabelamoveis.com.br\/\",\"logo\":{\"@type\":\"ImageObject\",\"inLanguage\":\"es\",\"@id\":\"https:\/\/ilhabelamoveis.com.br\/#\/schema\/logo\/image\/\",\"url\":\"https:\/\/ilhabelamoveis.com.br\/wp-content\/uploads\/2018\/03\/logo-dark.png\",\"contentUrl\":\"https:\/\/ilhabelamoveis.com.br\/wp-content\/uploads\/2018\/03\/logo-dark.png\",\"width\":470,\"height\":83,\"caption\":\"Ilha Bela M\u00f3veis e Estofados\"},\"image\":{\"@id\":\"https:\/\/ilhabelamoveis.com.br\/#\/schema\/logo\/image\/\"}}]}<\/script>\n<!-- \/ Yoast SEO plugin. -->","yoast_head_json":{"title":"Sof\u00e1 Family - Ilha Bela Estofados","robots":{"index":"index","follow":"follow","max-snippet":"max-snippet:-1","max-image-preview":"max-image-preview:large","max-video-preview":"max-video-preview:-1"},"canonical":"https:\/\/ilhabelamoveis.com.br\/es\/producto\/ib667-family\/","og_locale":"es_ES","og_type":"article","og_title":"Sof\u00e1 Family - Ilha Bela Estofados","og_description":"IB667 &#8211; Sof\u00e1 fixo living modular Family LARGURA M\u00d3DULOS RETOS: 80 | 90 | 100 | 110 | 120 CM PROFUNDIDADE M\u00d3DULOS: 98 CM ALTURA TOTAL M\u00d3DULOS: 69 CM LARGURA&hellip;","og_url":"https:\/\/ilhabelamoveis.com.br\/es\/producto\/ib667-family\/","og_site_name":"Ilha Bela Estofados","article_modified_time":"2025-11-13T16:58:59+00:00","og_image":[{"width":2560,"height":1709,"url":"https:\/\/ilhabelamoveis.com.br\/wp-content\/uploads\/2021\/08\/Ilha-Bela-785-copiar-2-scaled.jpg","type":"image\/jpeg"}],"twitter_card":"summary_large_image","twitter_misc":{"Tiempo de lectura":"1 minuto"},"schema":{"@context":"https:\/\/schema.org","@graph":[{"@type":"WebPage","@id":"https:\/\/ilhabelamoveis.com.br\/produto\/ib667-family\/","url":"https:\/\/ilhabelamoveis.com.br\/produto\/ib667-family\/","name":"Sof\u00e1 Family - Ilha Bela Estofados","isPartOf":{"@id":"https:\/\/ilhabelamoveis.com.br\/#website"},"primaryImageOfPage":{"@id":"https:\/\/ilhabelamoveis.com.br\/produto\/ib667-family\/#primaryimage"},"image":{"@id":"https:\/\/ilhabelamoveis.com.br\/produto\/ib667-family\/#primaryimage"},"thumbnailUrl":"https:\/\/ilhabelamoveis.com.br\/wp-content\/uploads\/2021\/08\/Ilha-Bela-785-copiar-2-scaled.jpg","datePublished":"2021-08-16T16:51:54+00:00","dateModified":"2025-11-13T16:58:59+00:00","breadcrumb":{"@id":"https:\/\/ilhabelamoveis.com.br\/produto\/ib667-family\/#breadcrumb"},"inLanguage":"es","potentialAction":[{"@type":"ReadAction","target":["https:\/\/ilhabelamoveis.com.br\/produto\/ib667-family\/"]}]},{"@type":"ImageObject","inLanguage":"es","@id":"https:\/\/ilhabelamoveis.com.br\/produto\/ib667-family\/#primaryimage","url":"https:\/\/ilhabelamoveis.com.br\/wp-content\/uploads\/2021\/08\/Ilha-Bela-785-copiar-2-scaled.jpg","contentUrl":"https:\/\/ilhabelamoveis.com.br\/wp-content\/uploads\/2021\/08\/Ilha-Bela-785-copiar-2-scaled.jpg","width":2560,"height":1709},{"@type":"BreadcrumbList","@id":"https:\/\/ilhabelamoveis.com.br\/produto\/ib667-family\/#breadcrumb","itemListElement":[{"@type":"ListItem","position":1,"name":"In\u00edcio","item":"https:\/\/ilhabelamoveis.com.br\/"},{"@type":"ListItem","position":2,"name":"Produtos","item":"https:\/\/ilhabelamoveis.com.br\/todos-produtos\/"},{"@type":"ListItem","position":3,"name":"Sof\u00e1 Family"}]},{"@type":"WebSite","@id":"https:\/\/ilhabelamoveis.com.br\/#website","url":"https:\/\/ilhabelamoveis.com.br\/","name":"Muebles tapizados Ilha Bela","description":"Una nueva perspectiva, una nueva inspiraci\u00f3n.","publisher":{"@id":"https:\/\/ilhabelamoveis.com.br\/#organization"},"potentialAction":[{"@type":"SearchAction","target":{"@type":"EntryPoint","urlTemplate":"https:\/\/ilhabelamoveis.com.br\/?s={search_term_string}"},"query-input":{"@type":"PropertyValueSpecification","valueRequired":true,"valueName":"search_term_string"}}],"inLanguage":"es"},{"@type":"Organization","@id":"https:\/\/ilhabelamoveis.com.br\/#organization","name":"Ilha Bela M\u00f3veis e Estofados","url":"https:\/\/ilhabelamoveis.com.br\/","logo":{"@type":"ImageObject","inLanguage":"es","@id":"https:\/\/ilhabelamoveis.com.br\/#\/schema\/logo\/image\/","url":"https:\/\/ilhabelamoveis.com.br\/wp-content\/uploads\/2018\/03\/logo-dark.png","contentUrl":"https:\/\/ilhabelamoveis.com.br\/wp-content\/uploads\/2018\/03\/logo-dark.png","width":470,"height":83,"caption":"Ilha Bela M\u00f3veis e Estofados"},"image":{"@id":"https:\/\/ilhabelamoveis.com.br\/#\/schema\/logo\/image\/"}}]}},"brands":[],"_links":{"self":[{"href":"https:\/\/ilhabelamoveis.com.br\/es\/wp-json\/wp\/v2\/product\/8298","targetHints":{"allow":["GET"]}}],"collection":[{"href":"https:\/\/ilhabelamoveis.com.br\/es\/wp-json\/wp\/v2\/product"}],"about":[{"href":"https:\/\/ilhabelamoveis.com.br\/es\/wp-json\/wp\/v2\/types\/product"}],"replies":[{"embeddable":true,"href":"https:\/\/ilhabelamoveis.com.br\/es\/wp-json\/wp\/v2\/comments?post=8298"}],"wp:featuredmedia":[{"embeddable":true,"href":"https:\/\/ilhabelamoveis.com.br\/es\/wp-json\/wp\/v2\/media\/8299"}],"wp:attachment":[{"href":"https:\/\/ilhabelamoveis.com.br\/es\/wp-json\/wp\/v2\/media?parent=8298"}],"wp:term":[{"taxonomy":"pwb-brand","embeddable":true,"href":"https:\/\/ilhabelamoveis.com.br\/es\/wp-json\/wp\/v2\/pwb-brand?post=8298"},{"taxonomy":"product_brand","embeddable":true,"href":"https:\/\/ilhabelamoveis.com.br\/es\/wp-json\/wp\/v2\/product_brand?post=8298"},{"taxonomy":"product_cat","embeddable":true,"href":"https:\/\/ilhabelamoveis.com.br\/es\/wp-json\/wp\/v2\/product_cat?post=8298"},{"taxonomy":"product_tag","embeddable":true,"href":"https:\/\/ilhabelamoveis.com.br\/es\/wp-json\/wp\/v2\/product_tag?post=8298"}],"curies":[{"name":"wp","href":"https:\/\/api.w.org\/{rel}","templated":true}]}}